{"id":3928,"date":"2019-02-18T09:34:08","date_gmt":"2019-02-18T08:34:08","guid":{"rendered":"https:\/\/originalskills.com\/?page_id=3928"},"modified":"2024-07-04T12:29:50","modified_gmt":"2024-07-04T10:29:50","slug":"informativa-privacy-registrazione","status":"publish","type":"page","link":"https:\/\/originalskills.com\/it\/informativa-privacy-registrazione\/","title":{"rendered":"Informativa Privacy Registrazione"},"content":{"rendered":"<section  class='av_textblock_section av-1uw4ug-d4b857fa0bfe5a83f90d1daed1337046 '   itemscope=\"itemscope\" itemtype=\"https:\/\/schema.org\/CreativeWork\" ><div class='avia_textblock'  itemprop=\"text\" ><h2 style=\"text-align: center;\"><strong>Informativa ai sensi dell\u2019art. 13 del Regolamento (UE) 2016\/679 <\/strong><\/h2>\n<p style=\"text-align: center;\">(Regolamento Generale sulla Protezione dei Dati o \u201cGDPR\u201d)<\/p>\n<p>Ai sensi dell\u2019art. 13 del Regolamento generale sul trattamento dei dati (Reg. UE 2016\/679, la informiamo che i suoi dati che fornir\u00e0 alla nostra organizzazione saranno trattati come segue:<\/p>\n<h3>Sommario<\/h3>\n<ol>\n<li>Titolare del trattamento.<\/li>\n<li>Tipo di dati trattati.<\/li>\n<li>Quali dati sono trattati?<\/li>\n<li>Finalit\u00e0 del trattamento e basi giuridiche del trattamento.<\/li>\n<li>Modalit\u00e0 del trattamento.<\/li>\n<li>Conferimento dei dati<\/li>\n<li>Conservazione dei dati.<\/li>\n<li>Comunicazione dei dati.<\/li>\n<li>Diffusione dei dati e trasferimento extra UE.<\/li>\n<li>Diritti dell\u2019interessato al trattamento dati.<\/li>\n<\/ol>\n<h3><a name=\"_Toc170397527\"><\/a>1. Titolare del trattamento<\/h3>\n<p>Titolare del trattamento dei dati \u00e8 OriginalSkills srl, P.I. 02477180513, Sede legale Loc. Vallone C. S. Ossaia , 39\/b, 52044, Cortona (Ar.), <a href=\"mailto:info@originalskills.com\">info@originalskills.com<\/a><\/p>\n<p>Il Titolare ha provveduto alla nomina di un Responsabile del trattamento della stessa OriginalSkills srl ai sensi dell\u2019art. 37 del GDPR. Potrai, in qualsiasi momento, contattare il Responsabile per richiedere informazioni in relazione al trattamento dei tuoi dati personali ai seguenti riferimenti:<\/p>\n<p>Responsabile \u00a0del trattamento dati.<\/p>\n<p>OriginalSkills srl, P.I. 02477180513, Sede legale Loc. Vallone C. S. Ossaia , 39\/b, 52044, Cortona (Ar.), info@originalskills.com<\/p>\n<h3><a name=\"_Toc170397528\"><\/a>2. Tipo di dati trattati<\/h3>\n<p>I dati trattati sono collegati ai processi e alle attivit\u00e0 d\u2019impresa. In particolare, ti informiamo che i dati trattati sono:<\/p>\n<ol start=\"1\" type=\"a\">\n<li type=\"a\"><strong><em> Erogazione dei servizi e vendita di servizi on line<\/em><\/strong><\/li>\n<\/ol>\n<p>I dati forniti tramite la compilazione dei form presenti sul Sito Web dell\u2019impresa, verranno trattati per consentire la risposta degli uffici ad informazioni su prodotti e\u00a0 servizi e per la vendita di prodotti tramite offerte commerciali e promozioni\u00a0 presenti sul Sito Web. Inoltre, i dati raccolti tramite sito potranno essere impiegati per la spedizione di materiale informativo, newsletter\u00a0 informative o per attivare l\u2019assistenza tecnica.<\/p>\n<ol start=\"2\" type=\"a\">\n<li type=\"a\"><strong><em> Gestione attivit\u00e0 precontrattuale ed esecuzione del contratto<\/em><\/strong><\/li>\n<\/ol>\n<p>OriginalSkills Srl impiegher\u00e0 i dati forniti per svolgere tutte le attivit\u00e0, precontrattuali e contrattuali, necessarie a dare seguito alla tua richiesta e ai fini dell\u2019esecuzione di contratti commerciali e altri incombenze di tipo fiscale e operativo legati alla corretta gestione d\u2019impresa. Cos\u00ec i dati personali forniti potranno essere trattati al fine di adempiere agli obblighi di legge cui il Titolare \u00e8 soggetto (ad esempio in materia fiscale, contabile, antiriciclaggio) ed alle disposizioni impartite da Autorit\u00e0 e Organi di Controllo a carico del Titolare.<\/p>\n<ol start=\"3\" type=\"a\">\n<li type=\"a\"><strong><em> Indagini Statistiche interne<\/em><\/strong><\/li>\n<\/ol>\n<p>OriginalSkills Srl utilizzer\u00e0\u00a0 i dati raccolti al fine di effettuare indagini statistiche interne nell\u2019ambito delle sue attivit\u00e0 commerciali. Le indagini statistiche effettuate verranno utilizzate solo per fini reportistici interni, nell\u2019interesse del Titolare a migliorare i propri prodotti e servizi e ad attuare una gestione pi\u00f9 efficace del proprio portafoglio clienti e del proprio operato.<\/p>\n<ol start=\"4\" type=\"a\">\n<li type=\"a\"><strong><em> Campagne informative e commerciali<\/em><\/strong><\/li>\n<\/ol>\n<p>I dati personali potranno essere utilizzati dal Titolare per l\u2019espletamento di eventuali campagne di informazione sulle novit\u00e0 di prodotti oppure su verifiche di prodotti acquistati.<\/p>\n<p>Il Titolare potr\u00e0 inviare, esclusivamente tramite l\u2019indirizzo di posta elettronica fornito, o altro indirizzo indicato dai beneficiari del trattamento, promozioni e offerte su prodotti e servizi collegati ai prodotti e servizi venduti da Originalskills Srl.<\/p>\n<p>OriginalSkills Srl si riserva di pubblicare, con il consenso necessario, sui social (LinkedIn, Facebook, ecc.) notizie di accompagnamento alle proprie attivit\u00e0 commerciali e di taggate con i tag ufficiali eventuali post pubblicati dai propri clienti, fornitori, dipendenti e collaboratori.<\/p>\n<ol start=\"5\" type=\"a\">\n<li type=\"a\"><strong><em> Attivit\u00e0 di marketing e gestione preventivi verso prospect<\/em><\/strong><\/li>\n<\/ol>\n<p>I dati personali raccolti mediante form presenti nelle pagine del sito web aziendale, profili social network, contatti telefonici, scambi di biglietti di visita in occasione di fiere, seminari, meeting e altre relazioni personali di business, potranno essere trattati, direttamente da OriginalSkills Srl o da altre societ\u00e0 del controllate,\u00a0 nominate \u201c<strong>Responsabili del Trattamento<\/strong>\u201d, al fine di promuovere i servizi e i prodotti e servizi di OriginalSkills Srl. I soggetti interessati a questo trattamento sono coloro che richiedono informazioni tramite sito web, telefono, ecc. : sono i cosiddetti \u201cProspect\u201d.<\/p>\n<h3><a name=\"_Toc170397529\"><\/a>3. Quali dati sono trattati?<\/h3>\n<p>A seconda dei casi e nei limiti delle finalit\u00e0 di cui al punto 2. a, b, c, d, e, il Titolare tratta le seguenti categorie di dati personali:<\/p>\n<ol type=\"a\">\n<li style=\"list-style-type: none;\">\n<ol type=\"a\">\n<li style=\"list-style-type: none;\">\n<ul>\n<li>dati anagrafici (es. nome, cognome, luogo e data di nascita, codice fiscale );<\/li>\n<li>dati di contatto (es. indirizzo, numero di telefono, e-mail, eventuale profilo social e sito, azienda di appartenenza con ragione sociale);<\/li>\n<li>dati relativi al contratto (es. prodotti e\/o servizi acquistati);<\/li>\n<li>coordinate bancarie (dei clienti e fornitori per pagamenti fatture e altre incombenze);<\/li>\n<li>immagine del richiedente (qualora fornita);<\/li>\n<li>dati curriculari di richiedenti lavoro;<\/li>\n<li>dati collegati alle attivit\u00e0 di collaborazione con esperti, consulenti, professionisti e figure simili.<\/li>\n<\/ul>\n<\/li>\n<\/ol>\n<\/li>\n<\/ol>\n<h3><a name=\"_Toc170397530\"><\/a>4. Finalit\u00e0 del trattamento e basi giuridiche del trattamento<\/h3>\n<p>I dati conferiti dall\u2019interessato nell\u2019ambito tipologico del precedente punto 2. sono\u00a0 trattati per tutta la durata del rapporto contrattuale e anche successivamente per ragioni\u00a0 connessi a adempimenti di obblighi contrattuali, fiscali, legali e amministrativi e per l\u2019ottimizzazione delle attivit\u00e0 d\u2019impresa.<\/p>\n<p>La base giuridica per questa finalit\u00e0 del \u00a0trattamento \u00e8 data dalla necessit\u00e0 di adempiere ad obblighi legali a cui \u00e8 soggetto il Titolare. Non sarebbe possibile per il Titolare adempiere ai propri obblighi legali senza utilizzare dati personali. Quindi la raccolta dei dati personali \u00e8 necessaria al Titolare\u00a0 per adempiere agli obblighi contrattuali e per tutelare i suoi interessi legittimi anche in sede giudiziale e stragiudiziale nel caso di violazioni contrattuali o extracontrattuali a danno del Titolare (es. azioni per il recupero del credito).<\/p>\n<p>Inoltre, la base giuridica per la finalit\u00e0 di trattamento nei casi 2.d e 2.e\u00a0 (campagne commerciali e di marketing) \u00e8 data dal consenso fornito di volta in volta, che verr\u00e0 appositamente raccolto. Qualora l\u2019interessato dovesse decidere di non fornire il consenso, nessun trattamento dei suoi dati personali verr\u00e0 effettuato in relazione a queste specifiche finalit\u00e0.<\/p>\n<h3><a name=\"_Toc170397531\"><\/a>5. Modalit\u00e0 del trattamento<\/h3>\n<p>I dati conferiti saranno trattati con correttezza, trasparenza e liceit\u00e0,\u00a0 nel rispetto di tutti i principi di cui all\u2019art. 5 del GDPR (nello specifico i dati sono: a) raccolti per finalit\u00e0 determinate, esplicite e legittime; b) raccolti nella misura necessaria secondo il principio della \u201cminimizzazione dei dati raccolti\u201d; c) individuati in maniera precisa e aggiornati all\u2019occorrenza; d) conservati per il tempo strettamente necessario; f) garantiti da idonee misure di sicurezza e protezione), e con l\u2019impiego sia di strumenti manuali e sia elettronici.<\/p>\n<p>La sicurezza e riservatezza dei dati personali conferiti sar\u00e0 garantita dall\u2019adozione di misure idonee ad impedire, tra gli altri, la divulgazione, l\u2019accesso non autorizzato, l\u2019alterazione e la perdita delle informazioni trattate.<\/p>\n<p>Il trattamento \u00e8 svolto dal Titolare del trattamento, \u00a0dai Responsabili e\/o dagli incaricati del trattamento.<\/p>\n<h3><a name=\"_Toc170397532\"><\/a>6. Conferimento dei dati<\/h3>\n<p>Il consenso specifico al trattamento di dati personali per le finalit\u00e0 al punto 4.d)e). Il trattamento dei dati che siamo obbligati a conoscere \u00e8 comunque strettamente necessario ai fini dello svolgimento delle attivit\u00e0 elencate al punto 2. L\u2019eventuale rifiuto al conferimento di dati personali rende impossibile l\u2019adempimento delle attivit\u00e0 di cui al punto 2.<\/p>\n<h3><a name=\"_Toc170397533\"><\/a>7. Conservazione dei dati<\/h3>\n<p>Il Titolare tratter\u00e0 i dati personali per il tempo necessario per adempiere alla finalit\u00e0 indicate al punto 4 e comunque per non oltre 10 anni dalla cessazione del rapporto.<\/p>\n<p>Ricordiamo che il consenso eventualmente prestato sar\u00e0, in qualsiasi momento, revocabile scrivendo al Responsabile del trattameno: <a href=\"mailto:info@originalskills.com\">info@originalskills.com<\/a>.<\/p>\n<h3><a name=\"_Toc170397534\"><\/a>8. Comunicazione dei dati<\/h3>\n<p>Nei limiti delle finalit\u00e0 di cui al punto 4, i dati personali potranno essere comunicati alle seguenti categorie di soggetti nominati, se necessario, Responsabili del Trattamento ai sensi dell\u2019art. 28 del GDPR:<\/p>\n<ol type=\"a\">\n<li style=\"list-style-type: none;\">\n<ol type=\"a\">\n<li style=\"list-style-type: none;\">\n<ul>\n<li>societ\u00e0 controllate;<\/li>\n<li>concessionari e\/o distributori e partner di OriginalSkills Srl<\/li>\n<li>fornitori di servizi per la gestione dei sistemi informatici e del Sito Web;<\/li>\n<li>fornitori di servizi di consulenza legale, contabile e fiscale;<\/li>\n<li>societ\u00e0 di cui il Titolare si avvale per l\u2019erogazione del servizio richiesto (come, ad esempio, selezione del personale e consulenza organizzativa);<\/li>\n<li>banche ed altre istituzioni finanziarie per la gestione dei pagamenti;<\/li>\n<li>autorit\u00e0 e organi di vigilanza e controllo, e in generale soggetti pubblici o privati con funzioni di tipo pubblicistico.<\/li>\n<\/ul>\n<\/li>\n<\/ol>\n<\/li>\n<\/ol>\n<p>Dei dati personali\u00a0 conferiti potranno venire a conoscenza, nei limiti delle rispettive competenze, i dipendenti, lavoratori distaccati o somministrati e collaboratori del Titolare che agiranno in qualit\u00e0 di persone autorizzate al trattamento ai sensi dell\u2019art. 29 del GDPR.<\/p>\n<h3><a name=\"_Toc170397535\"><\/a>9. Diffusione dei dati e trasferimento extra UE<\/h3>\n<p>I dati personali conferiti non saranno oggetto di diffusione. I dati non saranno trasferiti ad un paese terzo (extra UE) o\/e altre organizzazioni internazionali.<\/p>\n<h3><a name=\"_Toc170397536\"><\/a>10. Diritti dell\u2019interessato al trattamento dati<\/h3>\n<p>Con semplice comunicazione mail indicata al punto 1. potrai esercitare i diritti di cui agli art. da 15 a 22 del GDPR.<\/p>\n<p>In particolare, potrai chiedere al Titolare di accedere ai dati che ti riguardano, di modificarli e\/o cancellarli, nonch\u00e9 di limitare il trattamento nei casi di cui all\u2019art. 18 del GDPR. Secondo le modalit\u00e0 specificate all\u2019art. 21 del GDPR, potrai, in qualsiasi momento, opporti al trattamento dei tuoi dati personali e ricevere e\/o far trasmettere ad altro Titolare del trattamento le informazioni a te riferibili.<\/p>\n<p>Ti ricordiamo, inoltre, che i consensi eventualmente prestati saranno sempre revocabili con la stessa facilit\u00e0 con cui sono stati accordati. Il Titolare provveder\u00e0, senza ingiustificato ritardo e, comunque, al pi\u00f9 tardi entro un mese dall\u2019esercizio del diritto, a fornirti tutte le informazioni richieste e\/o a comunicarti le azioni intraprese al fine di soddisfare la tua richiesta.<\/p>\n<p>Infine, ti informiamo che, in caso di esercizio di uno dei diritti di cui sopra, ti potranno essere chieste alcune informazioni necessarie al fine di confermare la tua identit\u00e0.<\/p>\n<p>Nel caso di reclamo per il trattamento effettuato\u00a0 da OriginalSkill Srl, \u00e8 possibile all\u2019interessato proporre\u00a0 reclamo all\u2019Autorit\u00e0 Garante per la Protezione dei Dati personali compilando il form a disposizione sul sito (<a href=\"https:\/\/www.garanteprivacy.it\/web\/guest\/home\/docweb\/-\/docweb-display\/docweb\/9041356\">https:\/\/www.garanteprivacy.it\/web\/guest\/home\/docweb\/-\/docweb-display\/docweb\/9041356<\/a>).<\/p>\n<\/div><\/section>\n","protected":false},"excerpt":{"rendered":"","protected":false},"author":1,"featured_media":0,"parent":0,"menu_order":20,"comment_status":"closed","ping_status":"closed","template":"","meta":{"footnotes":""},"class_list":["post-3928","page","type-page","status-publish","hentry"],"yoast_head":"<!-- This site is optimized with the Yoast SEO plugin v27.5 - https:\/\/yoast.com\/product\/yoast-seo-wordpress\/ -->\n<title>Informativa Privacy Registrazione - OriginalSkills<\/title>\n<meta name=\"robots\" content=\"index, follow, max-snippet:-1, max-image-preview:large, max-video-preview:-1\" \/>\n<link rel=\"canonical\" href=\"https:\/\/originalskills.com\/it\/informativa-privacy-registrazione\/\" \/>\n<meta property=\"og:locale\" content=\"it_IT\" \/>\n<meta property=\"og:type\" content=\"article\" \/>\n<meta property=\"og:title\" content=\"Informativa Privacy Registrazione - OriginalSkills\" \/>\n<meta property=\"og:url\" content=\"https:\/\/originalskills.com\/it\/informativa-privacy-registrazione\/\" \/>\n<meta property=\"og:site_name\" content=\"OriginalSkills\" \/>\n<meta property=\"article:modified_time\" content=\"2024-07-04T10:29:50+00:00\" \/>\n<meta name=\"twitter:card\" content=\"summary_large_image\" \/>\n<meta name=\"twitter:label1\" content=\"Tempo di lettura stimato\" \/>\n\t<meta name=\"twitter:data1\" content=\"9 minuti\" \/>\n<script type=\"application\/ld+json\" class=\"yoast-schema-graph\">{\"@context\":\"https:\\\/\\\/schema.org\",\"@graph\":[{\"@type\":\"WebPage\",\"@id\":\"https:\\\/\\\/originalskills.com\\\/it\\\/informativa-privacy-registrazione\\\/\",\"url\":\"https:\\\/\\\/originalskills.com\\\/it\\\/informativa-privacy-registrazione\\\/\",\"name\":\"Informativa Privacy Registrazione - OriginalSkills\",\"isPartOf\":{\"@id\":\"https:\\\/\\\/originalskills.com\\\/it\\\/#website\"},\"datePublished\":\"2019-02-18T08:34:08+00:00\",\"dateModified\":\"2024-07-04T10:29:50+00:00\",\"breadcrumb\":{\"@id\":\"https:\\\/\\\/originalskills.com\\\/it\\\/informativa-privacy-registrazione\\\/#breadcrumb\"},\"inLanguage\":\"it-IT\",\"potentialAction\":[{\"@type\":\"ReadAction\",\"target\":[\"https:\\\/\\\/originalskills.com\\\/it\\\/informativa-privacy-registrazione\\\/\"]}]},{\"@type\":\"BreadcrumbList\",\"@id\":\"https:\\\/\\\/originalskills.com\\\/it\\\/informativa-privacy-registrazione\\\/#breadcrumb\",\"itemListElement\":[{\"@type\":\"ListItem\",\"position\":1,\"name\":\"Home\",\"item\":\"https:\\\/\\\/originalskills.com\\\/it\\\/aziende\\\/\"},{\"@type\":\"ListItem\",\"position\":2,\"name\":\"Informativa Privacy Registrazione\"}]},{\"@type\":\"WebSite\",\"@id\":\"https:\\\/\\\/originalskills.com\\\/it\\\/#website\",\"url\":\"https:\\\/\\\/originalskills.com\\\/it\\\/\",\"name\":\"OriginalSkills\",\"description\":\"Recruitment, Selezione, HR, Formazione\",\"potentialAction\":[{\"@type\":\"SearchAction\",\"target\":{\"@type\":\"EntryPoint\",\"urlTemplate\":\"https:\\\/\\\/originalskills.com\\\/it\\\/?s={search_term_string}\"},\"query-input\":{\"@type\":\"PropertyValueSpecification\",\"valueRequired\":true,\"valueName\":\"search_term_string\"}}],\"inLanguage\":\"it-IT\"}]}<\/script>\n<!-- \/ Yoast SEO plugin. -->","yoast_head_json":{"title":"Informativa Privacy Registrazione - OriginalSkills","robots":{"index":"index","follow":"follow","max-snippet":"max-snippet:-1","max-image-preview":"max-image-preview:large","max-video-preview":"max-video-preview:-1"},"canonical":"https:\/\/originalskills.com\/it\/informativa-privacy-registrazione\/","og_locale":"it_IT","og_type":"article","og_title":"Informativa Privacy Registrazione - OriginalSkills","og_url":"https:\/\/originalskills.com\/it\/informativa-privacy-registrazione\/","og_site_name":"OriginalSkills","article_modified_time":"2024-07-04T10:29:50+00:00","twitter_card":"summary_large_image","twitter_misc":{"Tempo di lettura stimato":"9 minuti"},"schema":{"@context":"https:\/\/schema.org","@graph":[{"@type":"WebPage","@id":"https:\/\/originalskills.com\/it\/informativa-privacy-registrazione\/","url":"https:\/\/originalskills.com\/it\/informativa-privacy-registrazione\/","name":"Informativa Privacy Registrazione - OriginalSkills","isPartOf":{"@id":"https:\/\/originalskills.com\/it\/#website"},"datePublished":"2019-02-18T08:34:08+00:00","dateModified":"2024-07-04T10:29:50+00:00","breadcrumb":{"@id":"https:\/\/originalskills.com\/it\/informativa-privacy-registrazione\/#breadcrumb"},"inLanguage":"it-IT","potentialAction":[{"@type":"ReadAction","target":["https:\/\/originalskills.com\/it\/informativa-privacy-registrazione\/"]}]},{"@type":"BreadcrumbList","@id":"https:\/\/originalskills.com\/it\/informativa-privacy-registrazione\/#breadcrumb","itemListElement":[{"@type":"ListItem","position":1,"name":"Home","item":"https:\/\/originalskills.com\/it\/aziende\/"},{"@type":"ListItem","position":2,"name":"Informativa Privacy Registrazione"}]},{"@type":"WebSite","@id":"https:\/\/originalskills.com\/it\/#website","url":"https:\/\/originalskills.com\/it\/","name":"OriginalSkills","description":"Recruitment, Selezione, HR, Formazione","potentialAction":[{"@type":"SearchAction","target":{"@type":"EntryPoint","urlTemplate":"https:\/\/originalskills.com\/it\/?s={search_term_string}"},"query-input":{"@type":"PropertyValueSpecification","valueRequired":true,"valueName":"search_term_string"}}],"inLanguage":"it-IT"}]}},"_links":{"self":[{"href":"https:\/\/originalskills.com\/it\/wp-json\/wp\/v2\/pages\/3928","targetHints":{"allow":["GET"]}}],"collection":[{"href":"https:\/\/originalskills.com\/it\/wp-json\/wp\/v2\/pages"}],"about":[{"href":"https:\/\/originalskills.com\/it\/wp-json\/wp\/v2\/types\/page"}],"author":[{"embeddable":true,"href":"https:\/\/originalskills.com\/it\/wp-json\/wp\/v2\/users\/1"}],"replies":[{"embeddable":true,"href":"https:\/\/originalskills.com\/it\/wp-json\/wp\/v2\/comments?post=3928"}],"version-history":[{"count":10,"href":"https:\/\/originalskills.com\/it\/wp-json\/wp\/v2\/pages\/3928\/revisions"}],"predecessor-version":[{"id":21899,"href":"https:\/\/originalskills.com\/it\/wp-json\/wp\/v2\/pages\/3928\/revisions\/21899"}],"wp:attachment":[{"href":"https:\/\/originalskills.com\/it\/wp-json\/wp\/v2\/media?parent=3928"}],"curies":[{"name":"wp","href":"https:\/\/api.w.org\/{rel}","templated":true}]}}