{"id":3245,"date":"2018-05-28T16:24:24","date_gmt":"2018-05-28T14:24:24","guid":{"rendered":"https:\/\/originalskills.com\/?page_id=3245"},"modified":"2024-03-21T09:16:45","modified_gmt":"2024-03-21T08:16:45","slug":"privacy-policy","status":"publish","type":"page","link":"https:\/\/originalskills.com\/es\/privacy-policy\/","title":{"rendered":"Privacy Policy"},"content":{"rendered":"\n<style type=\"text\/css\" data-created_by=\"avia_inline_auto\" id=\"style-css-av-38gvv1-efb5ca5996014c80b3ffaa9c45c4d724\">\n.flex_column.av-38gvv1-efb5ca5996014c80b3ffaa9c45c4d724{\nborder-radius:0px 0px 0px 0px;\npadding:0px 0px 0px 0px;\n}\n<\/style>\n<div  class='flex_column av-38gvv1-efb5ca5996014c80b3ffaa9c45c4d724 av_one_full  avia-builder-el-0  avia-builder-el-no-sibling  first flex_column_div av-zero-column-padding  '     ><section  class='av_textblock_section av-k8zrstu2-9e7c337e453a05d8fe0810cfed4af44d '   itemscope=\"itemscope\" itemtype=\"https:\/\/schema.org\/CreativeWork\" ><div class='avia_textblock'  itemprop=\"text\" ><h3>Privacy Policy<\/h3>\n<p>OriginalSkills srl a trav\u00e9s de sus propios sitios web puede:<\/p>\n<ul>\n<li>recoger informaciones de contacto (por ejemplo direcciones de correo electr\u00f3nico) necesarias para el ejercicio de sus actividades comerciales (equipo de ventas o asistencia clientes, o en respuesta a una de las investigaciones de Originalskills). Todo esto a trav\u00e9s de formularios o impresos anexos a los sitios y a las app.<\/li>\n<li>recoger informaciones relativas al uso de los servicios de los sitios web y de los servicios Originalskills, incluidas las p\u00e1ginas web visitadas, los enlaces pulsados, el momento en los que se realizan estas acciones, las lenguas configuradas, etc.<\/li>\n<\/ul>\n<h3>Registro de los datos de navegaci\u00f3n<\/h3>\n<p>OriginalSkills srl, a trav\u00e9s de los servicios de Google Analytics, que utilizan cookies y tags de p\u00e1gina, recoge informaciones sobre el dispositivo y el browser utilizados por los usuarios qeu utilizan los servicios puestos a su disposici\u00f3n, para fines estad\u00edsticos y para determinar las \u00e1reas de mejoramiento de las funcionalidades aplicativas.<\/p>\n<p>Se memorizan los datos relativos a:<\/p>\n<ul>\n<li>App<\/li>\n<li>Browser<\/li>\n<li>Dispositivo<\/li>\n<li>Flujo de navegaci\u00f3n<\/li>\n<\/ul>\n<p>Para mayor informaci\u00f3n sobre los datos recogidos por Google a trav\u00e9s de los servicios de Analytics hacer referencia a la siguiente direcci\u00f3n <a href=\"https:\/\/marketingplatform.google.com\/about\/analytics\/terms\/us\/\" target=\"_blank\" rel=\"noopener\">marketingplatform.google.com\/about\/analytics\/terms\/us\/<\/a>.<\/p>\n<h3>Marketing por correo electr\u00f3nico<\/h3>\n<p>Los correos electr\u00f3nicos enviados por Originalskills o por los operadores encargados a trav\u00e9s de nuestros servicios incluyen sistemas de recogida de informaciones relativas a la apertura de los mensajes y conexiones hipertextuales en su interior. Dichas informaciones, como por ejemplo el n\u00famero de usuarios que han abierto los mensajes, se usan para fines estad\u00edsticos y para evaluar el inter\u00e9s de los destinatarios en relaci\u00f3n al objeto del mensaje privado.<\/p>\n<p>Para el env\u00edo de este tipo de comunicaciones, OriginalSkills srl se apoya a sistemas externos como Mailchimp. Para mayores informaciones sobre las pol\u00edticas de privacidad aplicadas por este operador hacer referencia a la siguiente direcci\u00f3n <a href=\"https:\/\/mailchimp.com\/legal\/privacy\/\" target=\"_blank\" rel=\"noopener\">mailchimp.com\/legal\/privacy\/<\/a>.<\/p>\n<h3>Cookie<\/h3>\n<p>Para las informaciones relativas al uso de los cookies hacer referencia a la relativa secci\u00f3n presente en el sitio en la siguiente <a href=\"https:\/\/originalskills.com\/es\/cookie-policy\/\" target=\"_blank\" rel=\"noopener\">originalskills.com\/es\/cookie-policy\/<\/a>.<\/p>\n<\/div><\/section><\/div>\n","protected":false},"excerpt":{"rendered":"","protected":false},"author":1,"featured_media":0,"parent":0,"menu_order":12,"comment_status":"closed","ping_status":"closed","template":"","meta":{"footnotes":""},"class_list":["post-3245","page","type-page","status-publish","hentry"],"yoast_head":"<!-- This site is optimized with the Yoast SEO plugin v27.5 - https:\/\/yoast.com\/product\/yoast-seo-wordpress\/ -->\n<title>Privacy Policy - OriginalSkills<\/title>\n<meta name=\"robots\" content=\"index, follow, max-snippet:-1, max-image-preview:large, max-video-preview:-1\" \/>\n<link rel=\"canonical\" href=\"https:\/\/originalskills.com\/es\/privacy-policy\/\" \/>\n<meta property=\"og:locale\" content=\"es_ES\" \/>\n<meta property=\"og:type\" content=\"article\" \/>\n<meta property=\"og:title\" content=\"Privacy Policy - OriginalSkills\" \/>\n<meta property=\"og:url\" content=\"https:\/\/originalskills.com\/es\/privacy-policy\/\" \/>\n<meta property=\"og:site_name\" content=\"OriginalSkills\" \/>\n<meta property=\"article:modified_time\" content=\"2024-03-21T08:16:45+00:00\" \/>\n<meta name=\"twitter:card\" content=\"summary_large_image\" \/>\n<meta name=\"twitter:label1\" content=\"Tiempo de lectura\" \/>\n\t<meta name=\"twitter:data1\" content=\"2 minutos\" \/>\n<script type=\"application\/ld+json\" class=\"yoast-schema-graph\">{\"@context\":\"https:\\\/\\\/schema.org\",\"@graph\":[{\"@type\":\"WebPage\",\"@id\":\"https:\\\/\\\/originalskills.com\\\/es\\\/privacy-policy\\\/\",\"url\":\"https:\\\/\\\/originalskills.com\\\/es\\\/privacy-policy\\\/\",\"name\":\"Privacy Policy - OriginalSkills\",\"isPartOf\":{\"@id\":\"https:\\\/\\\/originalskills.com\\\/it\\\/#website\"},\"datePublished\":\"2018-05-28T14:24:24+00:00\",\"dateModified\":\"2024-03-21T08:16:45+00:00\",\"breadcrumb\":{\"@id\":\"https:\\\/\\\/originalskills.com\\\/es\\\/privacy-policy\\\/#breadcrumb\"},\"inLanguage\":\"es\",\"potentialAction\":[{\"@type\":\"ReadAction\",\"target\":[\"https:\\\/\\\/originalskills.com\\\/es\\\/privacy-policy\\\/\"]}]},{\"@type\":\"BreadcrumbList\",\"@id\":\"https:\\\/\\\/originalskills.com\\\/es\\\/privacy-policy\\\/#breadcrumb\",\"itemListElement\":[{\"@type\":\"ListItem\",\"position\":1,\"name\":\"Home\",\"item\":\"https:\\\/\\\/originalskills.com\\\/es\\\/home\\\/\"},{\"@type\":\"ListItem\",\"position\":2,\"name\":\"Privacy Policy\"}]},{\"@type\":\"WebSite\",\"@id\":\"https:\\\/\\\/originalskills.com\\\/it\\\/#website\",\"url\":\"https:\\\/\\\/originalskills.com\\\/it\\\/\",\"name\":\"OriginalSkills\",\"description\":\"Recruitment, Selezione, HR, Formazione\",\"potentialAction\":[{\"@type\":\"SearchAction\",\"target\":{\"@type\":\"EntryPoint\",\"urlTemplate\":\"https:\\\/\\\/originalskills.com\\\/it\\\/?s={search_term_string}\"},\"query-input\":{\"@type\":\"PropertyValueSpecification\",\"valueRequired\":true,\"valueName\":\"search_term_string\"}}],\"inLanguage\":\"es\"}]}<\/script>\n<!-- \/ Yoast SEO plugin. -->","yoast_head_json":{"title":"Privacy Policy - OriginalSkills","robots":{"index":"index","follow":"follow","max-snippet":"max-snippet:-1","max-image-preview":"max-image-preview:large","max-video-preview":"max-video-preview:-1"},"canonical":"https:\/\/originalskills.com\/es\/privacy-policy\/","og_locale":"es_ES","og_type":"article","og_title":"Privacy Policy - OriginalSkills","og_url":"https:\/\/originalskills.com\/es\/privacy-policy\/","og_site_name":"OriginalSkills","article_modified_time":"2024-03-21T08:16:45+00:00","twitter_card":"summary_large_image","twitter_misc":{"Tiempo de lectura":"2 minutos"},"schema":{"@context":"https:\/\/schema.org","@graph":[{"@type":"WebPage","@id":"https:\/\/originalskills.com\/es\/privacy-policy\/","url":"https:\/\/originalskills.com\/es\/privacy-policy\/","name":"Privacy Policy - OriginalSkills","isPartOf":{"@id":"https:\/\/originalskills.com\/it\/#website"},"datePublished":"2018-05-28T14:24:24+00:00","dateModified":"2024-03-21T08:16:45+00:00","breadcrumb":{"@id":"https:\/\/originalskills.com\/es\/privacy-policy\/#breadcrumb"},"inLanguage":"es","potentialAction":[{"@type":"ReadAction","target":["https:\/\/originalskills.com\/es\/privacy-policy\/"]}]},{"@type":"BreadcrumbList","@id":"https:\/\/originalskills.com\/es\/privacy-policy\/#breadcrumb","itemListElement":[{"@type":"ListItem","position":1,"name":"Home","item":"https:\/\/originalskills.com\/es\/home\/"},{"@type":"ListItem","position":2,"name":"Privacy Policy"}]},{"@type":"WebSite","@id":"https:\/\/originalskills.com\/it\/#website","url":"https:\/\/originalskills.com\/it\/","name":"OriginalSkills","description":"Recruitment, Selezione, HR, Formazione","potentialAction":[{"@type":"SearchAction","target":{"@type":"EntryPoint","urlTemplate":"https:\/\/originalskills.com\/it\/?s={search_term_string}"},"query-input":{"@type":"PropertyValueSpecification","valueRequired":true,"valueName":"search_term_string"}}],"inLanguage":"es"}]}},"_links":{"self":[{"href":"https:\/\/originalskills.com\/es\/wp-json\/wp\/v2\/pages\/3245","targetHints":{"allow":["GET"]}}],"collection":[{"href":"https:\/\/originalskills.com\/es\/wp-json\/wp\/v2\/pages"}],"about":[{"href":"https:\/\/originalskills.com\/es\/wp-json\/wp\/v2\/types\/page"}],"author":[{"embeddable":true,"href":"https:\/\/originalskills.com\/es\/wp-json\/wp\/v2\/users\/1"}],"replies":[{"embeddable":true,"href":"https:\/\/originalskills.com\/es\/wp-json\/wp\/v2\/comments?post=3245"}],"version-history":[{"count":6,"href":"https:\/\/originalskills.com\/es\/wp-json\/wp\/v2\/pages\/3245\/revisions"}],"predecessor-version":[{"id":20192,"href":"https:\/\/originalskills.com\/es\/wp-json\/wp\/v2\/pages\/3245\/revisions\/20192"}],"wp:attachment":[{"href":"https:\/\/originalskills.com\/es\/wp-json\/wp\/v2\/media?parent=3245"}],"curies":[{"name":"wp","href":"https:\/\/api.w.org\/{rel}","templated":true}]}}