{"id":21896,"date":"2024-07-04T12:27:55","date_gmt":"2024-07-04T10:27:55","guid":{"rendered":"https:\/\/originalskills.com\/?page_id=21896"},"modified":"2024-07-04T12:27:55","modified_gmt":"2024-07-04T10:27:55","slug":"politica-privacidad-registro","status":"publish","type":"page","link":"https:\/\/originalskills.com\/es\/politica-privacidad-registro\/","title":{"rendered":"Pol\u00edtica de Privacidad de Registro"},"content":{"rendered":"<div  class='flex_column av-av_one_full-753d03be8845da87da60299c8f023eed av_one_full  avia-builder-el-0  avia-builder-el-no-sibling  first flex_column_div  '     ><section  class='av_textblock_section av-ly74hexg-d36668295ebc56298ea2a708082b87ac '   itemscope=\"itemscope\" itemtype=\"https:\/\/schema.org\/CreativeWork\" ><div class='avia_textblock'  itemprop=\"text\" ><h2 style=\"text-align: center;\">Informaci\u00f3n seg\u00fan el art\u00edculo 13 del Reglamento (UE) 2016\/679<\/h2>\n<p style=\"text-align: center;\">(Reglamento General de Protecci\u00f3n de Datos o \u00abRGPD\u00bb)<\/p>\n<p>De conformidad con el art\u00edculo 13 del Reglamento General de Protecci\u00f3n de Datos (Reglamento (UE) 2016\/679), le informamos que los datos que proporcione a nuestra organizaci\u00f3n ser\u00e1n tratados de la siguiente manera:<\/p>\n<h3>Resumen<\/h3>\n<ol>\n<li>Responsable del tratamiento<\/li>\n<li>Tipos de datos tratados<\/li>\n<li>\u00bfQu\u00e9 datos se tratan?<\/li>\n<li>Fines y bases legales del tratamiento<\/li>\n<li>M\u00e9todos de tratamiento<\/li>\n<li>Provisi\u00f3n de datos<\/li>\n<li>Conservaci\u00f3n de datos<\/li>\n<li>Comunicaci\u00f3n de datos<\/li>\n<li>Difusi\u00f3n de datos y transferencia fuera de la UE<\/li>\n<li>Derechos del interesado<\/li>\n<\/ol>\n<ol>\n<li>\n<h3>Responsable del tratamiento<\/h3>\n<\/li>\n<\/ol>\n<p>El Responsable del tratamiento es OriginalSkills Srl, P.I. 02477180513, con domicilio en Loc. Vallone C. S. Ossaia 39\/b, 52044 Cortona (AR), Italia. Correo electr\u00f3nico: info@originalskills.com.<\/p>\n<p>El Responsable del tratamiento ha designado un Delegado de Protecci\u00f3n de Datos (DPD) dentro de OriginalSkills Srl conforme al art\u00edculo 37 del RGPD. Puede contactar con el DPD en cualquier momento para obtener informaci\u00f3n sobre el tratamiento de sus datos personales en:<\/p>\n<p><strong>Delegado de Protecci\u00f3n de Datos<\/strong> OriginalSkills Srl, P.I. 02477180513, Loc. Vallone C. S. Ossaia 39\/b, 52044 Cortona (AR), Italia. Correo electr\u00f3nico: info@originalskills.com.<\/p>\n<ol start=\"2\">\n<li>\n<h3>Tipos de datos tratados<\/h3>\n<\/li>\n<\/ol>\n<p>Los datos tratados est\u00e1n relacionados con procesos y actividades empresariales. En particular, le informamos que los datos tratados incluyen:<\/p>\n<ol start=\"1\">\n<li type=\"a\"><strong> Prestaci\u00f3n de servicios y venta online<\/strong><\/li>\n<\/ol>\n<p>Los datos proporcionados mediante la cumplimentaci\u00f3n de formularios en el sitio web de la empresa se tratar\u00e1n para permitir respuestas de las oficinas sobre informaci\u00f3n de productos y servicios y para la venta de productos a trav\u00e9s de ofertas comerciales y promociones en el sitio web. Adem\u00e1s, los datos recopilados a trav\u00e9s del sitio pueden utilizarse para enviar material informativo, boletines informativos o para activar soporte t\u00e9cnico.<\/p>\n<ol start=\"2\">\n<li type=\"a\"><strong> Gesti\u00f3n de actividades precontractuales y ejecuci\u00f3n del contrato<\/strong><\/li>\n<\/ol>\n<p>OriginalSkills Srl utilizar\u00e1 los datos proporcionados para llevar a cabo todas las actividades precontractuales y contractuales necesarias para atender su solicitud y para la ejecuci\u00f3n de contratos comerciales y otras obligaciones fiscales y operativas relacionadas con la correcta gesti\u00f3n empresarial. Los datos personales proporcionados pueden ser tratados para cumplir con las obligaciones legales a las que est\u00e1 sujeto el Responsable del tratamiento (por ejemplo, en materia fiscal, contable y de prevenci\u00f3n del blanqueo de capitales) y las directrices emitidas por las autoridades y organismos de control aplicables al Responsable del tratamiento.<\/p>\n<ol start=\"3\">\n<li type=\"a\"><strong> Estudios estad\u00edsticos internos<\/strong><\/li>\n<\/ol>\n<p>OriginalSkills Srl utilizar\u00e1 los datos recopilados para realizar estudios estad\u00edsticos internos en el marco de sus actividades comerciales. Estos estudios estad\u00edsticos se utilizar\u00e1n exclusivamente para fines de informes internos con el fin de mejorar los productos y servicios del Responsable del tratamiento y para implementar una gesti\u00f3n m\u00e1s eficaz de su cartera de clientes y de sus operaciones.<\/p>\n<ol start=\"4\">\n<li type=\"a\"><strong> Campa\u00f1as informativas y comerciales<\/strong><\/li>\n<\/ol>\n<p>Los datos personales podr\u00e1n ser utilizados por el Responsable del tratamiento para llevar a cabo campa\u00f1as informativas sobre novedades de productos o para verificar productos adquiridos. El Responsable del tratamiento podr\u00e1 enviar promociones y ofertas sobre productos y servicios relacionados con los productos y servicios vendidos por OriginalSkills Srl exclusivamente a trav\u00e9s de la direcci\u00f3n de correo electr\u00f3nico proporcionada u otra direcci\u00f3n indicada por los beneficiarios del tratamiento. OriginalSkills Srl se reserva el derecho de publicar, con el consentimiento necesario, noticias relacionadas con sus actividades comerciales en redes sociales (LinkedIn, Facebook, etc.) y etiquetar publicaciones oficiales de sus clientes, proveedores, empleados y colaboradores.<\/p>\n<ol start=\"5\">\n<li type=\"a\"><strong> Actividades de marketing y gesti\u00f3n de presupuestos para posibles clientes<\/strong><\/li>\n<\/ol>\n<p>Los datos personales recopilados a trav\u00e9s de formularios en el sitio web de la empresa, perfiles en redes sociales, contactos telef\u00f3nicos, intercambio de tarjetas de visita en ferias, seminarios, reuniones y otros contactos comerciales personales podr\u00e1n ser tratados directamente por OriginalSkills Srl o por otras empresas controladas designadas como \u00abEncargados del tratamiento\u00bb para promover los servicios y productos de OriginalSkills Srl. Las personas interesadas en este tratamiento son aquellas que solicitan informaci\u00f3n a trav\u00e9s del sitio web, tel\u00e9fono, etc., conocidas como \u00abposibles clientes\u00bb.<\/p>\n<ol start=\"3\">\n<li>\n<h3>\u00bfQu\u00e9 datos se tratan?<\/h3>\n<\/li>\n<\/ol>\n<p>Dependiendo de las circunstancias y dentro de los l\u00edmites de los fines mencionados en el punto 2 (a, b, c, d, e), el Responsable del tratamiento procesa las siguientes categor\u00edas de datos personales:<\/p>\n<ul>\n<li>Datos personales (por ejemplo, nombre, apellido, lugar y fecha de nacimiento, n\u00famero de identificaci\u00f3n fiscal);<\/li>\n<li>Datos de contacto (por ejemplo, direcci\u00f3n, n\u00famero de tel\u00e9fono, correo electr\u00f3nico, posible perfil en redes sociales y afiliaci\u00f3n empresarial con nombre de la empresa);<\/li>\n<li>Datos contractuales (por ejemplo, productos y\/o servicios adquiridos);<\/li>\n<li>Datos bancarios (de clientes y proveedores para pagos, facturas y otras obligaciones);<\/li>\n<li>Imagen del solicitante (si se proporciona);<\/li>\n<li>Datos curriculares de solicitantes de empleo;<\/li>\n<li>Datos relacionados con actividades de cooperaci\u00f3n con expertos, consultores, profesionales y figuras similares.<\/li>\n<\/ul>\n<ol start=\"4\">\n<li>\n<h3>Fines y bases legales del tratamiento<\/h3>\n<\/li>\n<\/ol>\n<p>Los datos proporcionados por el interesado seg\u00fan el punto 2 se tratar\u00e1n durante la duraci\u00f3n de la relaci\u00f3n contractual y tambi\u00e9n posteriormente por motivos relacionados con obligaciones contractuales, fiscales, legales y administrativas y para la optimizaci\u00f3n de las actividades empresariales.<\/p>\n<p>La base legal para este fin del tratamiento es la necesidad de cumplir con obligaciones legales a las que est\u00e1 sujeto el Responsable del tratamiento. No ser\u00eda posible para el Responsable del tratamiento cumplir con sus obligaciones legales sin utilizar datos personales. Por lo tanto, la recopilaci\u00f3n de datos personales es necesaria para que el Responsable del tratamiento cumpla con sus obligaciones contractuales y para proteger sus intereses leg\u00edtimos tambi\u00e9n en sede judicial y extrajudicial en caso de violaciones contractuales o extracontractuales en perjuicio del Responsable del tratamiento (por ejemplo, acciones para la recuperaci\u00f3n de deudas).<\/p>\n<p>Adem\u00e1s, la base legal para los fines del tratamiento en los casos 2.d y 2.e (campa\u00f1as comerciales y de marketing) es el consentimiento proporcionado de vez en cuando, que se recoger\u00e1 espec\u00edficamente. Si el interesado decide no proporcionar su consentimiento, no se realizar\u00e1 ning\u00fan tratamiento de sus datos personales en relaci\u00f3n con estos fines espec\u00edficos.<\/p>\n<ol start=\"5\">\n<li>\n<h3>M\u00e9todos de tratamiento<\/h3>\n<\/li>\n<\/ol>\n<p>Los datos proporcionados ser\u00e1n tratados con equidad, transparencia y legalidad, en cumplimiento de todos los principios del art\u00edculo 5 del RGPD (espec\u00edficamente, los datos son: a) recopilados para fines espec\u00edficos, expl\u00edcitos y leg\u00edtimos; b) recopilados en la medida necesaria de acuerdo con el principio de minimizaci\u00f3n de datos; c) identificados con precisi\u00f3n y actualizados cuando sea necesario; d) almacenados durante el tiempo estrictamente necesario; f) garantizados por medidas de seguridad y protecci\u00f3n adecuadas) y utilizando tanto herramientas manuales como electr\u00f3nicas.<\/p>\n<p>La seguridad y confidencialidad de los datos personales proporcionados ser\u00e1n garantizadas mediante la adopci\u00f3n de medidas adecuadas para prevenir, entre otros, la divulgaci\u00f3n, el acceso no autorizado, la alteraci\u00f3n y la p\u00e9rdida de la informaci\u00f3n tratada.<\/p>\n<p>El tratamiento ser\u00e1 realizado por el Responsable del tratamiento, los Encargados del tratamiento y\/o las personas encargadas del tratamiento.<\/p>\n<ol start=\"6\">\n<li>\n<h3>Provisi\u00f3n de datos<\/h3>\n<\/li>\n<\/ol>\n<p>El consentimiento espec\u00edfico para el tratamiento de datos personales para los fines en los puntos 4.d) y e) es requerido. El tratamiento de los datos que estamos obligados a conocer es estrictamente necesario para llevar a cabo las actividades enumeradas en el punto 2. Cualquier negativa a proporcionar datos personales hace imposible llevar a cabo las actividades mencionadas en el punto 2.<\/p>\n<ol start=\"7\">\n<li>\n<h3>Conservaci\u00f3n de datos<\/h3>\n<\/li>\n<\/ol>\n<p>El Responsable del tratamiento tratar\u00e1 los datos personales durante el tiempo necesario para cumplir con los fines mencionados en el punto 4 y en cualquier caso no m\u00e1s de 10 a\u00f1os despu\u00e9s de la terminaci\u00f3n de la relaci\u00f3n.<\/p>\n<p>Tenga en cuenta que cualquier consentimiento dado puede ser revocado en cualquier momento escribiendo al Delegado de Protecci\u00f3n de Datos: info@originalskills.com.<\/p>\n<ol start=\"8\">\n<li>\n<h3>Comunicaci\u00f3n de datos<\/h3>\n<\/li>\n<\/ol>\n<p>Dentro de los l\u00edmites de los fines mencionados en el punto 4, los datos personales pueden ser comunicados a las siguientes categor\u00edas de sujetos, designados como Encargados del tratamiento seg\u00fan el art\u00edculo 28 del RGPD, cuando sea necesario:<\/p>\n<ul>\n<li>Empresas subsidiarias;<\/li>\n<li>Concesionarios y\/o distribuidores y socios de OriginalSkills Srl;<\/li>\n<li>Proveedores de servicios para la gesti\u00f3n de sistemas inform\u00e1ticos y del sitio web;<\/li>\n<li>Proveedores de servicios de asesoramiento legal, contable y fiscal;<\/li>\n<li>Empresas que el Responsable del tratamiento utiliza para la prestaci\u00f3n del servicio solicitado (por ejemplo, selecci\u00f3n de personal y asesoramiento organizativo);<\/li>\n<li>Bancos y otras instituciones financieras para la gesti\u00f3n de pagos;<\/li>\n<li>Autoridades y organismos de supervisi\u00f3n y control y en general sujetos p\u00fablicos o privados con funciones de tipo p\u00fablico.<\/li>\n<\/ul>\n<p>Los datos personales proporcionados pueden ser conocidos, dentro de sus respectivas competencias, por empleados, trabajadores cedidos o temporales y colaboradores del Responsable del tratamiento que actuar\u00e1n como personas autorizadas para el tratamiento seg\u00fan el art\u00edculo 29 del RGPD.<\/p>\n<ol start=\"9\">\n<li>\n<h3>Difusi\u00f3n de datos y transferencia fuera de la UE<\/h3>\n<\/li>\n<\/ol>\n<p>Los datos personales proporcionados no ser\u00e1n difundidos. Los datos no ser\u00e1n transferidos a un pa\u00eds tercero (fuera de la UE) ni a organizaciones internacionales.<\/p>\n<ol start=\"10\">\n<li>\n<h3>Derechos del interesado<\/h3>\n<\/li>\n<\/ol>\n<p>Mediante una simple comunicaci\u00f3n por correo electr\u00f3nico indicada en el punto 1, puede ejercer los derechos seg\u00fan los art\u00edculos 15 a 22 del RGPD.<\/p>\n<p>En particular, puede solicitar al Responsable del tratamiento que acceda a sus datos, los modifique y\/o elimine, as\u00ed como que limite el tratamiento en los casos previstos en el art\u00edculo 18 del RGPD. Seg\u00fan los procedimientos especificados en el art\u00edculo 21 del RGPD, puede oponerse al tratamiento de sus datos personales en cualquier momento y recibir y\/o hacer transmitir a otro Responsable del tratamiento la informaci\u00f3n que le concierne.<\/p>\n<p>Tenga en cuenta tambi\u00e9n que cualquier consentimiento dado siempre ser\u00e1 revocable con la misma facilidad con la que fue otorgado. El Responsable del tratamiento proporcionar\u00e1 toda la informaci\u00f3n solicitada y\/o comunicar\u00e1 las acciones tomadas para cumplir con su solicitud sin demora indebida y en cualquier caso a m\u00e1s tardar dentro de un mes desde el ejercicio del derecho.<\/p>\n<p>Finalmente, le informamos que en caso de ejercer uno de los derechos mencionados, se pueden solicitar algunas informaciones necesarias para confirmar su identidad.<\/p>\n<p>En caso de queja sobre el tratamiento realizado por OriginalSkill Srl, el interesado puede presentar una queja ante la Autoridad de Protecci\u00f3n de Datos completando el formulario disponible en el sitio web (<a href=\"https:\/\/www.garanteprivacy.it\/web\/guest\/home\/docweb\/-\/docweb-display\/docweb\/9041356\">https:\/\/www.garanteprivacy.it\/web\/guest\/home\/docweb\/-\/docweb-display\/docweb\/9041356<\/a>).<\/p>\n<\/div><\/section><\/div>\n","protected":false},"excerpt":{"rendered":"","protected":false},"author":1,"featured_media":0,"parent":0,"menu_order":20,"comment_status":"closed","ping_status":"closed","template":"","meta":{"footnotes":""},"class_list":["post-21896","page","type-page","status-publish","hentry"],"yoast_head":"<!-- This site is optimized with the Yoast SEO plugin v27.5 - https:\/\/yoast.com\/product\/yoast-seo-wordpress\/ -->\n<title>Pol\u00edtica de Privacidad de Registro - OriginalSkills<\/title>\n<meta name=\"robots\" content=\"index, follow, max-snippet:-1, max-image-preview:large, max-video-preview:-1\" \/>\n<link rel=\"canonical\" href=\"https:\/\/originalskills.com\/es\/politica-privacidad-registro\/\" \/>\n<meta property=\"og:locale\" content=\"es_ES\" \/>\n<meta property=\"og:type\" content=\"article\" \/>\n<meta property=\"og:title\" content=\"Pol\u00edtica de Privacidad de Registro - OriginalSkills\" \/>\n<meta property=\"og:url\" content=\"https:\/\/originalskills.com\/es\/politica-privacidad-registro\/\" \/>\n<meta property=\"og:site_name\" content=\"OriginalSkills\" \/>\n<meta name=\"twitter:card\" content=\"summary_large_image\" \/>\n<meta name=\"twitter:label1\" content=\"Tiempo de lectura\" \/>\n\t<meta name=\"twitter:data1\" content=\"9 minutos\" \/>\n<script type=\"application\/ld+json\" class=\"yoast-schema-graph\">{\"@context\":\"https:\\\/\\\/schema.org\",\"@graph\":[{\"@type\":\"WebPage\",\"@id\":\"https:\\\/\\\/originalskills.com\\\/es\\\/politica-privacidad-registro\\\/\",\"url\":\"https:\\\/\\\/originalskills.com\\\/es\\\/politica-privacidad-registro\\\/\",\"name\":\"Pol\u00edtica de Privacidad de Registro - OriginalSkills\",\"isPartOf\":{\"@id\":\"https:\\\/\\\/originalskills.com\\\/it\\\/#website\"},\"datePublished\":\"2024-07-04T10:27:55+00:00\",\"breadcrumb\":{\"@id\":\"https:\\\/\\\/originalskills.com\\\/es\\\/politica-privacidad-registro\\\/#breadcrumb\"},\"inLanguage\":\"es\",\"potentialAction\":[{\"@type\":\"ReadAction\",\"target\":[\"https:\\\/\\\/originalskills.com\\\/es\\\/politica-privacidad-registro\\\/\"]}]},{\"@type\":\"BreadcrumbList\",\"@id\":\"https:\\\/\\\/originalskills.com\\\/es\\\/politica-privacidad-registro\\\/#breadcrumb\",\"itemListElement\":[{\"@type\":\"ListItem\",\"position\":1,\"name\":\"Home\",\"item\":\"https:\\\/\\\/originalskills.com\\\/es\\\/home\\\/\"},{\"@type\":\"ListItem\",\"position\":2,\"name\":\"Pol\u00edtica de Privacidad de Registro\"}]},{\"@type\":\"WebSite\",\"@id\":\"https:\\\/\\\/originalskills.com\\\/it\\\/#website\",\"url\":\"https:\\\/\\\/originalskills.com\\\/it\\\/\",\"name\":\"OriginalSkills\",\"description\":\"Recruitment, Selezione, HR, Formazione\",\"potentialAction\":[{\"@type\":\"SearchAction\",\"target\":{\"@type\":\"EntryPoint\",\"urlTemplate\":\"https:\\\/\\\/originalskills.com\\\/it\\\/?s={search_term_string}\"},\"query-input\":{\"@type\":\"PropertyValueSpecification\",\"valueRequired\":true,\"valueName\":\"search_term_string\"}}],\"inLanguage\":\"es\"}]}<\/script>\n<!-- \/ Yoast SEO plugin. -->","yoast_head_json":{"title":"Pol\u00edtica de Privacidad de Registro - OriginalSkills","robots":{"index":"index","follow":"follow","max-snippet":"max-snippet:-1","max-image-preview":"max-image-preview:large","max-video-preview":"max-video-preview:-1"},"canonical":"https:\/\/originalskills.com\/es\/politica-privacidad-registro\/","og_locale":"es_ES","og_type":"article","og_title":"Pol\u00edtica de Privacidad de Registro - OriginalSkills","og_url":"https:\/\/originalskills.com\/es\/politica-privacidad-registro\/","og_site_name":"OriginalSkills","twitter_card":"summary_large_image","twitter_misc":{"Tiempo de lectura":"9 minutos"},"schema":{"@context":"https:\/\/schema.org","@graph":[{"@type":"WebPage","@id":"https:\/\/originalskills.com\/es\/politica-privacidad-registro\/","url":"https:\/\/originalskills.com\/es\/politica-privacidad-registro\/","name":"Pol\u00edtica de Privacidad de Registro - OriginalSkills","isPartOf":{"@id":"https:\/\/originalskills.com\/it\/#website"},"datePublished":"2024-07-04T10:27:55+00:00","breadcrumb":{"@id":"https:\/\/originalskills.com\/es\/politica-privacidad-registro\/#breadcrumb"},"inLanguage":"es","potentialAction":[{"@type":"ReadAction","target":["https:\/\/originalskills.com\/es\/politica-privacidad-registro\/"]}]},{"@type":"BreadcrumbList","@id":"https:\/\/originalskills.com\/es\/politica-privacidad-registro\/#breadcrumb","itemListElement":[{"@type":"ListItem","position":1,"name":"Home","item":"https:\/\/originalskills.com\/es\/home\/"},{"@type":"ListItem","position":2,"name":"Pol\u00edtica de Privacidad de Registro"}]},{"@type":"WebSite","@id":"https:\/\/originalskills.com\/it\/#website","url":"https:\/\/originalskills.com\/it\/","name":"OriginalSkills","description":"Recruitment, Selezione, HR, Formazione","potentialAction":[{"@type":"SearchAction","target":{"@type":"EntryPoint","urlTemplate":"https:\/\/originalskills.com\/it\/?s={search_term_string}"},"query-input":{"@type":"PropertyValueSpecification","valueRequired":true,"valueName":"search_term_string"}}],"inLanguage":"es"}]}},"_links":{"self":[{"href":"https:\/\/originalskills.com\/es\/wp-json\/wp\/v2\/pages\/21896","targetHints":{"allow":["GET"]}}],"collection":[{"href":"https:\/\/originalskills.com\/es\/wp-json\/wp\/v2\/pages"}],"about":[{"href":"https:\/\/originalskills.com\/es\/wp-json\/wp\/v2\/types\/page"}],"author":[{"embeddable":true,"href":"https:\/\/originalskills.com\/es\/wp-json\/wp\/v2\/users\/1"}],"replies":[{"embeddable":true,"href":"https:\/\/originalskills.com\/es\/wp-json\/wp\/v2\/comments?post=21896"}],"version-history":[{"count":2,"href":"https:\/\/originalskills.com\/es\/wp-json\/wp\/v2\/pages\/21896\/revisions"}],"predecessor-version":[{"id":21898,"href":"https:\/\/originalskills.com\/es\/wp-json\/wp\/v2\/pages\/21896\/revisions\/21898"}],"wp:attachment":[{"href":"https:\/\/originalskills.com\/es\/wp-json\/wp\/v2\/media?parent=21896"}],"curies":[{"name":"wp","href":"https:\/\/api.w.org\/{rel}","templated":true}]}}