{"id":1411,"date":"2016-11-02T14:41:01","date_gmt":"2016-11-02T13:41:01","guid":{"rendered":"http:\/\/originalskills-hosting.it\/es\/cookie-policy\/"},"modified":"2024-04-23T16:36:47","modified_gmt":"2024-04-23T14:36:47","slug":"cookie-policy","status":"publish","type":"page","link":"https:\/\/originalskills.com\/es\/cookie-policy\/","title":{"rendered":"Cookie Policy"},"content":{"rendered":"\n<style type=\"text\/css\" data-created_by=\"avia_inline_auto\" id=\"style-css-av-29gccz-c1b371d9a46bd6ec7b81a1f934e50383\">\n.flex_column.av-29gccz-c1b371d9a46bd6ec7b81a1f934e50383{\nborder-radius:0px 0px 0px 0px;\npadding:0px 0px 0px 0px;\n}\n<\/style>\n<div  class='flex_column av-29gccz-c1b371d9a46bd6ec7b81a1f934e50383 av_one_full  avia-builder-el-0  el_before_av_codeblock  avia-builder-el-first  first flex_column_div av-zero-column-padding  '     ><section  class='av_textblock_section av-k90zixw5-f83a6224d07ec4839d20add1d544b948 '   itemscope=\"itemscope\" itemtype=\"https:\/\/schema.org\/CreativeWork\" ><div class='avia_textblock'  itemprop=\"text\" ><h3 class=\"blue\" style=\"text-align: justify;\">Antecedentes<\/h3>\n<div>\n<p style=\"text-align: justify;\">OriginalSkills srl con sede en Localit\u00e0 Vallone C. S. Ossaia , 39\/b. 52044, Cortona (Arezzo) &#8211; P.IVA 002477180513, en calidad de titular del uso de datos (\u201cTitular\u201d), proporciona la Pol\u00edtica de Cookies, informaci\u00f3n para la utilizaci\u00f3n de las cookies recolectadas en su sitio web, accesible a trav\u00e9s de la URL: https:\/\/originalskills.com\/es\/cookie-policy.<\/p>\n<\/div>\n<\/div><\/section><\/div><\/p>\n","protected":false},"excerpt":{"rendered":"","protected":false},"author":1,"featured_media":0,"parent":0,"menu_order":12,"comment_status":"closed","ping_status":"closed","template":"","meta":{"footnotes":""},"class_list":["post-1411","page","type-page","status-publish","hentry"],"yoast_head":"<!-- This site is optimized with the Yoast SEO plugin v27.3 - https:\/\/yoast.com\/product\/yoast-seo-wordpress\/ -->\n<title>Cookie Policy - OriginalSkills<\/title>\n<meta name=\"robots\" content=\"index, follow, max-snippet:-1, max-image-preview:large, max-video-preview:-1\" \/>\n<link rel=\"canonical\" href=\"https:\/\/originalskills.com\/es\/cookie-policy\/\" \/>\n<meta property=\"og:locale\" content=\"es_ES\" \/>\n<meta property=\"og:type\" content=\"article\" \/>\n<meta property=\"og:title\" content=\"Cookie Policy - OriginalSkills\" \/>\n<meta property=\"og:url\" content=\"https:\/\/originalskills.com\/es\/cookie-policy\/\" \/>\n<meta property=\"og:site_name\" content=\"OriginalSkills\" \/>\n<meta property=\"article:modified_time\" content=\"2024-04-23T14:36:47+00:00\" \/>\n<meta name=\"twitter:card\" content=\"summary_large_image\" \/>\n<meta name=\"twitter:label1\" content=\"Tiempo de lectura\" \/>\n\t<meta name=\"twitter:data1\" content=\"1 minuto\" \/>\n<script type=\"application\/ld+json\" class=\"yoast-schema-graph\">{\"@context\":\"https:\\\/\\\/schema.org\",\"@graph\":[{\"@type\":\"WebPage\",\"@id\":\"https:\\\/\\\/originalskills.com\\\/es\\\/cookie-policy\\\/\",\"url\":\"https:\\\/\\\/originalskills.com\\\/es\\\/cookie-policy\\\/\",\"name\":\"Cookie Policy - OriginalSkills\",\"isPartOf\":{\"@id\":\"https:\\\/\\\/originalskills.com\\\/it\\\/#website\"},\"datePublished\":\"2016-11-02T13:41:01+00:00\",\"dateModified\":\"2024-04-23T14:36:47+00:00\",\"breadcrumb\":{\"@id\":\"https:\\\/\\\/originalskills.com\\\/es\\\/cookie-policy\\\/#breadcrumb\"},\"inLanguage\":\"es\",\"potentialAction\":[{\"@type\":\"ReadAction\",\"target\":[\"https:\\\/\\\/originalskills.com\\\/es\\\/cookie-policy\\\/\"]}]},{\"@type\":\"BreadcrumbList\",\"@id\":\"https:\\\/\\\/originalskills.com\\\/es\\\/cookie-policy\\\/#breadcrumb\",\"itemListElement\":[{\"@type\":\"ListItem\",\"position\":1,\"name\":\"Home\",\"item\":\"https:\\\/\\\/originalskills.com\\\/es\\\/home\\\/\"},{\"@type\":\"ListItem\",\"position\":2,\"name\":\"Cookie Policy\"}]},{\"@type\":\"WebSite\",\"@id\":\"https:\\\/\\\/originalskills.com\\\/it\\\/#website\",\"url\":\"https:\\\/\\\/originalskills.com\\\/it\\\/\",\"name\":\"OriginalSkills\",\"description\":\"Recruitment, Selezione, HR, Formazione\",\"potentialAction\":[{\"@type\":\"SearchAction\",\"target\":{\"@type\":\"EntryPoint\",\"urlTemplate\":\"https:\\\/\\\/originalskills.com\\\/it\\\/?s={search_term_string}\"},\"query-input\":{\"@type\":\"PropertyValueSpecification\",\"valueRequired\":true,\"valueName\":\"search_term_string\"}}],\"inLanguage\":\"es\"}]}<\/script>\n<!-- \/ Yoast SEO plugin. -->","yoast_head_json":{"title":"Cookie Policy - OriginalSkills","robots":{"index":"index","follow":"follow","max-snippet":"max-snippet:-1","max-image-preview":"max-image-preview:large","max-video-preview":"max-video-preview:-1"},"canonical":"https:\/\/originalskills.com\/es\/cookie-policy\/","og_locale":"es_ES","og_type":"article","og_title":"Cookie Policy - OriginalSkills","og_url":"https:\/\/originalskills.com\/es\/cookie-policy\/","og_site_name":"OriginalSkills","article_modified_time":"2024-04-23T14:36:47+00:00","twitter_card":"summary_large_image","twitter_misc":{"Tiempo de lectura":"1 minuto"},"schema":{"@context":"https:\/\/schema.org","@graph":[{"@type":"WebPage","@id":"https:\/\/originalskills.com\/es\/cookie-policy\/","url":"https:\/\/originalskills.com\/es\/cookie-policy\/","name":"Cookie Policy - OriginalSkills","isPartOf":{"@id":"https:\/\/originalskills.com\/it\/#website"},"datePublished":"2016-11-02T13:41:01+00:00","dateModified":"2024-04-23T14:36:47+00:00","breadcrumb":{"@id":"https:\/\/originalskills.com\/es\/cookie-policy\/#breadcrumb"},"inLanguage":"es","potentialAction":[{"@type":"ReadAction","target":["https:\/\/originalskills.com\/es\/cookie-policy\/"]}]},{"@type":"BreadcrumbList","@id":"https:\/\/originalskills.com\/es\/cookie-policy\/#breadcrumb","itemListElement":[{"@type":"ListItem","position":1,"name":"Home","item":"https:\/\/originalskills.com\/es\/home\/"},{"@type":"ListItem","position":2,"name":"Cookie Policy"}]},{"@type":"WebSite","@id":"https:\/\/originalskills.com\/it\/#website","url":"https:\/\/originalskills.com\/it\/","name":"OriginalSkills","description":"Recruitment, Selezione, HR, Formazione","potentialAction":[{"@type":"SearchAction","target":{"@type":"EntryPoint","urlTemplate":"https:\/\/originalskills.com\/it\/?s={search_term_string}"},"query-input":{"@type":"PropertyValueSpecification","valueRequired":true,"valueName":"search_term_string"}}],"inLanguage":"es"}]}},"_links":{"self":[{"href":"https:\/\/originalskills.com\/es\/wp-json\/wp\/v2\/pages\/1411","targetHints":{"allow":["GET"]}}],"collection":[{"href":"https:\/\/originalskills.com\/es\/wp-json\/wp\/v2\/pages"}],"about":[{"href":"https:\/\/originalskills.com\/es\/wp-json\/wp\/v2\/types\/page"}],"author":[{"embeddable":true,"href":"https:\/\/originalskills.com\/es\/wp-json\/wp\/v2\/users\/1"}],"replies":[{"embeddable":true,"href":"https:\/\/originalskills.com\/es\/wp-json\/wp\/v2\/comments?post=1411"}],"version-history":[{"count":6,"href":"https:\/\/originalskills.com\/es\/wp-json\/wp\/v2\/pages\/1411\/revisions"}],"predecessor-version":[{"id":20734,"href":"https:\/\/originalskills.com\/es\/wp-json\/wp\/v2\/pages\/1411\/revisions\/20734"}],"wp:attachment":[{"href":"https:\/\/originalskills.com\/es\/wp-json\/wp\/v2\/media?parent=1411"}],"curies":[{"name":"wp","href":"https:\/\/api.w.org\/{rel}","templated":true}]}}