{"id":4406,"date":"2020-04-14T14:58:45","date_gmt":"2020-04-14T12:58:45","guid":{"rendered":"https:\/\/originalskills.com\/?page_id=4406"},"modified":"2024-07-04T11:55:48","modified_gmt":"2024-07-04T09:55:48","slug":"datenschutzrichtlinie-registrierung","status":"publish","type":"page","link":"https:\/\/originalskills.com\/de\/datenschutzrichtlinie-registrierung\/","title":{"rendered":"Datenschutzrichtlinie Registrierung"},"content":{"rendered":"<section  class='av_textblock_section av-k8zwwf4z-405553fbf3f6d784016e839a69f93ea0 '   itemscope=\"itemscope\" itemtype=\"https:\/\/schema.org\/CreativeWork\" ><div class='avia_textblock'  itemprop=\"text\" ><h2 style=\"text-align: center;\">Information gem\u00e4\u00df Artikel 13 der Verordnung (EU) 2016\/679<\/h2>\n<p style=\"text-align: center;\">(Datenschutz-Grundverordnung oder &#8222;DSGVO&#8220;)<\/p>\n<p style=\"text-align: center;\">Gem\u00e4\u00df Artikel 13 der Datenschutz-Grundverordnung (Verordnung (EU) 2016\/679) informieren wir Sie, dass die von Ihnen unserer Organisation zur Verf\u00fcgung gestellten Daten wie folgt verarbeitet werden:<\/p>\n<h3>Zusammenfassung<\/h3>\n<ol>\n<li>Datenverantwortlicher<\/li>\n<li>Art der verarbeiteten Daten<\/li>\n<li>Welche Daten werden verarbeitet?<\/li>\n<li>Zwecke und Rechtsgrundlagen der Verarbeitung<\/li>\n<li>Verarbeitungsmethoden<\/li>\n<li>Datenbereitstellung<\/li>\n<li>Datenspeicherung<\/li>\n<li>Datenkommunikation<\/li>\n<li>Datenverbreitung und \u00dcbermittlung au\u00dferhalb der EU<\/li>\n<li>Rechte der betroffenen Person<\/li>\n<\/ol>\n<ol>\n<li>\n<h3>Datenverantwortlicher<\/h3>\n<\/li>\n<\/ol>\n<p>Der Datenverantwortliche ist OriginalSkills Srl, P.I. 02477180513, mit eingetragener Adresse in Loc. Vallone C. S. Ossaia 39\/b, 52044 Cortona (AR), Italien. E-Mail: info@originalskills.com.<\/p>\n<p>Der Datenverantwortliche hat einen Datenschutzbeauftragten (DSB) innerhalb von OriginalSkills Srl gem\u00e4\u00df Artikel 37 der DSGVO ernannt. Sie k\u00f6nnen den DSB jederzeit f\u00fcr Informationen zur Verarbeitung Ihrer personenbezogenen Daten kontaktieren unter:<\/p>\n<p><strong>Datenschutzbeauftragter<\/strong> OriginalSkills Srl, P.I. 02477180513, Loc. Vallone C. S. Ossaia 39\/b, 52044 Cortona (AR), Italien. E-Mail: info@originalskills.com.<\/p>\n<ol start=\"2\">\n<li>\n<h3>Art der verarbeiteten Daten<\/h3>\n<\/li>\n<\/ol>\n<p>Die verarbeiteten Daten beziehen sich auf Gesch\u00e4ftsprozesse und Aktivit\u00e4ten. Insbesondere informieren wir Sie, dass die verarbeiteten Daten umfassen:<\/p>\n<ol start=\"1\" type=\"a\">\n<li type=\"a\"><strong> Dienstleistungserbringung und Online-Verkauf<\/strong><\/li>\n<\/ol>\n<p>Die durch Ausf\u00fcllen von Formularen auf der Website des Unternehmens bereitgestellten Daten werden verarbeitet, um Antworten von B\u00fcros bez\u00fcglich Produkt- und Dienstleistungsinformationen zu erm\u00f6glichen und um Produkte durch kommerzielle Angebote und Aktionen auf der Website zu verkaufen. Zus\u00e4tzlich k\u00f6nnen die \u00fcber die Website gesammelten Daten verwendet werden, um Informationsmaterial, Newsletter oder technische Unterst\u00fctzung zu versenden.<\/p>\n<ol start=\"2\" type=\"a\">\n<li type=\"a\"><strong> Verwaltung vorvertraglicher und vertraglicher Aktivit\u00e4ten<\/strong><\/li>\n<\/ol>\n<p>OriginalSkills Srl wird die bereitgestellten Daten verwenden, um alle vorvertraglichen und vertraglichen Aktivit\u00e4ten durchzuf\u00fchren, die notwendig sind, um Ihrer Anfrage nachzukommen und kommerzielle Vertr\u00e4ge sowie andere steuerliche und operative Verpflichtungen im Zusammenhang mit der ordnungsgem\u00e4\u00dfen Unternehmensf\u00fchrung auszuf\u00fchren. Pers\u00f6nliche Daten k\u00f6nnen verarbeitet werden, um den gesetzlichen Verpflichtungen nachzukommen, denen der Datenverantwortliche unterliegt (z.B. in Steuer-, Buchhaltungs- und Geldw\u00e4scheangelegenheiten) und den Anweisungen der zust\u00e4ndigen Beh\u00f6rden und Kontrollorgane.<\/p>\n<ol start=\"3\" type=\"a\">\n<li type=\"a\"><strong> Interne statistische Erhebungen<\/strong><\/li>\n<\/ol>\n<p>OriginalSkills Srl wird die gesammelten Daten verwenden, um interne statistische Erhebungen im Rahmen seiner Gesch\u00e4ftst\u00e4tigkeit durchzuf\u00fchren. Diese statistischen Erhebungen werden ausschlie\u00dflich f\u00fcr interne Berichtszwecke verwendet, um die Produkte und Dienstleistungen des Datenverantwortlichen zu verbessern und eine effektivere Verwaltung des Kundenportfolios und der Gesch\u00e4ftst\u00e4tigkeit zu erm\u00f6glichen.<\/p>\n<ol start=\"4\" type=\"a\">\n<li type=\"a\"><strong> Informations- und Werbekampagnen<\/strong><\/li>\n<\/ol>\n<p>Personenbezogene Daten k\u00f6nnen vom Datenverantwortlichen verwendet werden, um Informationskampagnen \u00fcber Produktneuheiten oder zur \u00dcberpr\u00fcfung gekaufter Produkte durchzuf\u00fchren. Der Datenverantwortliche kann \u00fcber die bereitgestellte E-Mail-Adresse oder eine andere von den Beg\u00fcnstigten der Datenverarbeitung angegebene Adresse Werbeaktionen und Angebote zu Produkten und Dienstleistungen senden, die mit den von OriginalSkills Srl verkauften Produkten und Dienstleistungen zusammenh\u00e4ngen. OriginalSkills Srl beh\u00e4lt sich das Recht vor, mit der notwendigen Zustimmung Nachrichten zu seinen kommerziellen Aktivit\u00e4ten auf sozialen Medien (LinkedIn, Facebook usw.) zu ver\u00f6ffentlichen und offizielle Beitr\u00e4ge von Kunden, Lieferanten, Mitarbeitern und Mitarbeitern zu markieren.<\/p>\n<ol start=\"5\" type=\"a\">\n<li type=\"a\"><strong> Marketingaktivit\u00e4ten und Angebotsverwaltung f\u00fcr Interessenten<\/strong><\/li>\n<\/ol>\n<p>Die \u00fcber Formulare auf der Website des Unternehmens, soziale Netzwerkprofile, Telefonkontakte, Visitenkartenaustausch bei Messen, Seminaren, Meetings und anderen pers\u00f6nlichen Gesch\u00e4ftskontakten gesammelten personenbezogenen Daten k\u00f6nnen direkt von OriginalSkills Srl oder anderen kontrollierten Unternehmen, die als &#8222;Auftragsverarbeiter&#8220; ernannt wurden, verarbeitet werden, um die Dienstleistungen und Produkte von OriginalSkills Srl zu f\u00f6rdern. Die betroffenen Personen, die an dieser Verarbeitung interessiert sind, sind diejenigen, die \u00fcber die Website, das Telefon usw. Informationen anfordern, bekannt als &#8222;Interessenten&#8220;.<\/p>\n<ol start=\"3\">\n<li>\n<h3>Welche Daten werden verarbeitet?<\/h3>\n<\/li>\n<\/ol>\n<p>Abh\u00e4ngig von den Umst\u00e4nden und innerhalb der Grenzen der in Punkt 2 (a, b, c, d, e) genannten Zwecke verarbeitet der Datenverantwortliche die folgenden Kategorien personenbezogener Daten:<\/p>\n<ul>\n<li>Personenbezogene Daten (z.B. Name, Vorname, Geburtsort und -datum, Steuernummer);<\/li>\n<li>Kontaktdaten (z.B. Adresse, Telefonnummer, E-Mail, eventuell soziales Profil und Unternehmenszugeh\u00f6rigkeit mit Firmenname);<\/li>\n<li>Vertragsdaten (z.B. gekaufte Produkte und\/oder Dienstleistungen);<\/li>\n<li>Bankdaten (von Kunden und Lieferanten f\u00fcr Zahlungen, Rechnungen und andere Verpflichtungen);<\/li>\n<li>Bild des Antragstellers (falls bereitgestellt);<\/li>\n<li>Lebenslaufdaten von Arbeitssuchenden;<\/li>\n<li>Daten im Zusammenhang mit Kooperationsaktivit\u00e4ten mit Experten, Beratern, Fachleuten und \u00e4hnlichen Personen.<\/li>\n<\/ul>\n<ol start=\"4\">\n<li>\n<h3>Zwecke und Rechtsgrundlagen der Verarbeitung<\/h3>\n<\/li>\n<\/ol>\n<p>Die vom Betroffenen bereitgestellten Daten gem\u00e4\u00df Punkt 2 werden f\u00fcr die Dauer der Vertragsbeziehung und auch danach aus Gr\u00fcnden im Zusammenhang mit vertraglichen, steuerlichen, gesetzlichen und administrativen Verpflichtungen und zur Optimierung der Gesch\u00e4ftst\u00e4tigkeit verarbeitet.<\/p>\n<p>Die rechtliche Grundlage f\u00fcr diesen Verarbeitungszweck ist die Notwendigkeit, den gesetzlichen Verpflichtungen nachzukommen, denen der Datenverantwortliche unterliegt. Es w\u00e4re dem Datenverantwortlichen nicht m\u00f6glich, seinen gesetzlichen Verpflichtungen nachzukommen, ohne personenbezogene Daten zu verwenden. Daher ist die Erhebung personenbezogener Daten notwendig, damit der Datenverantwortliche seinen vertraglichen Verpflichtungen nachkommen und seine berechtigten Interessen auch in gerichtlichen und au\u00dfergerichtlichen Verfahren im Falle von Vertrags- oder au\u00dfervertraglichen Verst\u00f6\u00dfen zum Nachteil des Datenverantwortlichen sch\u00fctzen kann (z.B. Ma\u00dfnahmen zur Forderungseintreibung).<\/p>\n<p>Dar\u00fcber hinaus ist die rechtliche Grundlage f\u00fcr die Verarbeitungszwecke in den F\u00e4llen 2.d und 2.e (kommerziellen und Marketingkampagnen) die von Zeit zu Zeit erteilte Einwilligung, die speziell eingeholt wird. Wenn der Betroffene beschlie\u00dft, keine Einwilligung zu erteilen, erfolgt keine Verarbeitung seiner personenbezogenen Daten in Bezug auf diese spezifischen Zwecke.<\/p>\n<ol start=\"5\">\n<li>\n<h3>Verarbeitungsmethoden<\/h3>\n<\/li>\n<\/ol>\n<p>Die bereitgestellten Daten werden mit Fairness, Transparenz und Rechtm\u00e4\u00dfigkeit verarbeitet, in \u00dcbereinstimmung mit allen Grunds\u00e4tzen des Artikels 5 der DSGVO (insbesondere: Daten werden a) f\u00fcr festgelegte, eindeutige und legitime Zwecke erhoben; b) in dem Umfang erhoben, der gem\u00e4\u00df dem Prinzip der Datenminimierung notwendig ist; c) genau identifiziert und bei Bedarf aktualisiert; d) f\u00fcr die strikt notwendige Zeit aufbewahrt; f) durch geeignete Sicherheits- und Schutzma\u00dfnahmen garantiert) und sowohl mit manuellen als auch elektronischen Werkzeugen.<\/p>\n<p>Die Sicherheit und Vertraulichkeit der bereitgestellten personenbezogenen Daten wird durch geeignete Ma\u00dfnahmen gew\u00e4hrleistet, um unter anderem die Offenlegung, den unbefugten Zugriff, die \u00c4nderung und den Verlust der verarbeiteten Informationen zu verhindern.<\/p>\n<p>Die Verarbeitung wird vom Datenverantwortlichen, den Auftragsverarbeitern und\/oder den mit der Verarbeitung beauftragten Personen durchgef\u00fchrt.<\/p>\n<ol start=\"6\">\n<li>\n<h3>Datenbereitstellung<\/h3>\n<\/li>\n<\/ol>\n<p>Die spezifische Einwilligung zur Verarbeitung personenbezogener Daten f\u00fcr die Zwecke in den Punkten 4.d) und e) ist erforderlich. Die Verarbeitung der Daten, die wir kennen m\u00fcssen, ist strikt notwendig, um die in Punkt 2 genannten Aktivit\u00e4ten durchzuf\u00fchren. Jede Weigerung, personenbezogene Daten bereitzustellen, macht die Durchf\u00fchrung der in Punkt 2 genannten Aktivit\u00e4ten unm\u00f6glich.<\/p>\n<ol start=\"7\">\n<li>\n<h3>Datenspeicherung<\/h3>\n<\/li>\n<\/ol>\n<p>Der Datenverantwortliche wird personenbezogene Daten f\u00fcr die Zeit verarbeiten, die notwendig ist, um die in Punkt 4 genannten Zwecke zu erf\u00fcllen und in jedem Fall nicht l\u00e4nger als 10 Jahre nach Beendigung der Beziehung.<\/p>\n<p>Bitte beachten Sie, dass jede erteilte Einwilligung jederzeit durch Schreiben an den Datenschutzbeauftragten widerrufen werden kann: info@originalskills.com.<\/p>\n<ol start=\"8\">\n<li>\n<h3>Datenkommunikation<\/h3>\n<\/li>\n<\/ol>\n<p>Innerhalb der Grenzen der in Punkt 4 genannten Zwecke k\u00f6nnen personenbezogene Daten an die folgenden Kategorien von Subjekten, die bei Bedarf als Auftragsverarbeiter gem\u00e4\u00df Artikel 28 der DSGVO ernannt wurden, weitergegeben werden:<\/p>\n<ul>\n<li>Tochtergesellschaften;<\/li>\n<li>Konzession\u00e4re und\/oder Vertriebspartner und Partner von OriginalSkills Srl;<\/li>\n<li>Dienstleister f\u00fcr die Verwaltung von IT-Systemen und der Website;<\/li>\n<li>Dienstleister f\u00fcr rechtliche, buchhalterische und steuerliche Beratung;<\/li>\n<li>Unternehmen, die der Datenverantwortliche f\u00fcr die Erbringung der angeforderten Dienstleistung nutzt (z.B. Personalbeschaffung und Organisationsberatung);<\/li>\n<li>Banken und andere Finanzinstitute f\u00fcr die Zahlungsabwicklung;<\/li>\n<li>Beh\u00f6rden und Aufsichts- und Kontrollorgane und im Allgemeinen \u00f6ffentliche oder private Subjekte mit \u00f6ffentlich-rechtlichen Funktionen.<\/li>\n<\/ul>\n<p>Die bereitgestellten personenbezogenen Daten k\u00f6nnen innerhalb ihrer jeweiligen Zust\u00e4ndigkeiten von Mitarbeitern, entsandten oder Leiharbeitern und Mitarbeitern des Datenverantwortlichen, die als zur Verarbeitung berechtigte Personen gem\u00e4\u00df Artikel 29 der DSGVO handeln, eingesehen werden.<\/p>\n<ol start=\"9\">\n<li>\n<h3>Datenverbreitung und \u00dcbermittlung au\u00dferhalb der EU<\/h3>\n<\/li>\n<\/ol>\n<p>Die bereitgestellten personenbezogenen Daten werden nicht verbreitet. Die Daten werden nicht an ein Drittland (au\u00dferhalb der EU) oder internationale Organisationen \u00fcbermittelt.<\/p>\n<ol start=\"10\">\n<li>\n<h3>Rechte der betroffenen Person<\/h3>\n<\/li>\n<\/ol>\n<p>Durch einfache E-Mail-Kommunikation an die in Punkt 1 angegebene Adresse k\u00f6nnen Sie die Rechte gem\u00e4\u00df den Artikeln 15 bis 22 der DSGVO aus\u00fcben.<\/p>\n<p>Insbesondere k\u00f6nnen Sie vom Datenverantwortlichen verlangen, auf Ihre Daten zuzugreifen, sie zu \u00e4ndern und\/oder zu l\u00f6schen sowie die Verarbeitung in den F\u00e4llen zu beschr\u00e4nken, die in Artikel 18 der DSGVO vorgesehen sind. Nach den in Artikel 21 der DSGVO festgelegten Verfahren k\u00f6nnen Sie der Verarbeitung Ihrer personenbezogenen Daten jederzeit widersprechen und die Informationen, die Sie betreffen, erhalten und\/oder an einen anderen Datenverantwortlichen \u00fcbertragen lassen.<\/p>\n<p>Bitte beachten Sie auch, dass jede erteilte Einwilligung mit derselben Leichtigkeit widerrufbar ist, mit der sie erteilt wurde. Der Datenverantwortliche wird alle angeforderten Informationen und\/oder die getroffenen Ma\u00dfnahmen zur Erf\u00fcllung Ihres Antrags ohne unangemessene Verz\u00f6gerung und in jedem Fall sp\u00e4testens innerhalb eines Monats nach Aus\u00fcbung des Rechts zur Verf\u00fcgung stellen.<\/p>\n<p>Abschlie\u00dfend informieren wir Sie, dass im Falle der Aus\u00fcbung eines der oben genannten Rechte einige Informationen angefordert werden k\u00f6nnen, die erforderlich sind, um Ihre Identit\u00e4t zu best\u00e4tigen.<\/p>\n<p>Im Falle einer Beschwerde \u00fcber die von OriginalSkill Srl durchgef\u00fchrte Verarbeitung kann die betroffene Person eine Beschwerde bei der Datenschutzbeh\u00f6rde einreichen, indem sie das auf der Website verf\u00fcgbare Formular ausf\u00fcllt (<a href=\"https:\/\/www.garanteprivacy.it\/web\/guest\/home\/docweb\/-\/docweb-display\/docweb\/9041356\">https:\/\/www.garanteprivacy.it\/web\/guest\/home\/docweb\/-\/docweb-display\/docweb\/9041356<\/a>).<\/p>\n<\/div><\/section>\n","protected":false},"excerpt":{"rendered":"","protected":false},"author":1,"featured_media":0,"parent":0,"menu_order":20,"comment_status":"closed","ping_status":"closed","template":"","meta":{"footnotes":""},"class_list":["post-4406","page","type-page","status-publish","hentry"],"yoast_head":"<!-- This site is optimized with the Yoast SEO plugin v27.5 - https:\/\/yoast.com\/product\/yoast-seo-wordpress\/ -->\n<title>Datenschutzrichtlinie Registrierung - OriginalSkills<\/title>\n<meta name=\"robots\" content=\"index, follow, max-snippet:-1, max-image-preview:large, max-video-preview:-1\" \/>\n<link rel=\"canonical\" href=\"https:\/\/originalskills.com\/de\/datenschutzrichtlinie-registrierung\/\" \/>\n<meta property=\"og:locale\" content=\"de_DE\" \/>\n<meta property=\"og:type\" content=\"article\" \/>\n<meta property=\"og:title\" content=\"Datenschutzrichtlinie Registrierung - OriginalSkills\" \/>\n<meta property=\"og:url\" content=\"https:\/\/originalskills.com\/de\/datenschutzrichtlinie-registrierung\/\" \/>\n<meta property=\"og:site_name\" content=\"OriginalSkills\" \/>\n<meta property=\"article:modified_time\" content=\"2024-07-04T09:55:48+00:00\" \/>\n<meta name=\"twitter:card\" content=\"summary_large_image\" \/>\n<meta name=\"twitter:label1\" content=\"Gesch\u00e4tzte Lesezeit\" \/>\n\t<meta name=\"twitter:data1\" content=\"8\u00a0Minuten\" \/>\n<script type=\"application\/ld+json\" class=\"yoast-schema-graph\">{\"@context\":\"https:\\\/\\\/schema.org\",\"@graph\":[{\"@type\":\"WebPage\",\"@id\":\"https:\\\/\\\/originalskills.com\\\/de\\\/datenschutzrichtlinie-registrierung\\\/\",\"url\":\"https:\\\/\\\/originalskills.com\\\/de\\\/datenschutzrichtlinie-registrierung\\\/\",\"name\":\"Datenschutzrichtlinie Registrierung - OriginalSkills\",\"isPartOf\":{\"@id\":\"https:\\\/\\\/originalskills.com\\\/it\\\/#website\"},\"datePublished\":\"2020-04-14T12:58:45+00:00\",\"dateModified\":\"2024-07-04T09:55:48+00:00\",\"breadcrumb\":{\"@id\":\"https:\\\/\\\/originalskills.com\\\/de\\\/datenschutzrichtlinie-registrierung\\\/#breadcrumb\"},\"inLanguage\":\"de\",\"potentialAction\":[{\"@type\":\"ReadAction\",\"target\":[\"https:\\\/\\\/originalskills.com\\\/de\\\/datenschutzrichtlinie-registrierung\\\/\"]}]},{\"@type\":\"BreadcrumbList\",\"@id\":\"https:\\\/\\\/originalskills.com\\\/de\\\/datenschutzrichtlinie-registrierung\\\/#breadcrumb\",\"itemListElement\":[{\"@type\":\"ListItem\",\"position\":1,\"name\":\"Home\",\"item\":\"https:\\\/\\\/originalskills.com\\\/de\\\/home\\\/\"},{\"@type\":\"ListItem\",\"position\":2,\"name\":\"Datenschutzrichtlinie Registrierung\"}]},{\"@type\":\"WebSite\",\"@id\":\"https:\\\/\\\/originalskills.com\\\/it\\\/#website\",\"url\":\"https:\\\/\\\/originalskills.com\\\/it\\\/\",\"name\":\"OriginalSkills\",\"description\":\"Recruitment, Selezione, HR, Formazione\",\"potentialAction\":[{\"@type\":\"SearchAction\",\"target\":{\"@type\":\"EntryPoint\",\"urlTemplate\":\"https:\\\/\\\/originalskills.com\\\/it\\\/?s={search_term_string}\"},\"query-input\":{\"@type\":\"PropertyValueSpecification\",\"valueRequired\":true,\"valueName\":\"search_term_string\"}}],\"inLanguage\":\"de\"}]}<\/script>\n<!-- \/ Yoast SEO plugin. -->","yoast_head_json":{"title":"Datenschutzrichtlinie Registrierung - OriginalSkills","robots":{"index":"index","follow":"follow","max-snippet":"max-snippet:-1","max-image-preview":"max-image-preview:large","max-video-preview":"max-video-preview:-1"},"canonical":"https:\/\/originalskills.com\/de\/datenschutzrichtlinie-registrierung\/","og_locale":"de_DE","og_type":"article","og_title":"Datenschutzrichtlinie Registrierung - OriginalSkills","og_url":"https:\/\/originalskills.com\/de\/datenschutzrichtlinie-registrierung\/","og_site_name":"OriginalSkills","article_modified_time":"2024-07-04T09:55:48+00:00","twitter_card":"summary_large_image","twitter_misc":{"Gesch\u00e4tzte Lesezeit":"8\u00a0Minuten"},"schema":{"@context":"https:\/\/schema.org","@graph":[{"@type":"WebPage","@id":"https:\/\/originalskills.com\/de\/datenschutzrichtlinie-registrierung\/","url":"https:\/\/originalskills.com\/de\/datenschutzrichtlinie-registrierung\/","name":"Datenschutzrichtlinie Registrierung - OriginalSkills","isPartOf":{"@id":"https:\/\/originalskills.com\/it\/#website"},"datePublished":"2020-04-14T12:58:45+00:00","dateModified":"2024-07-04T09:55:48+00:00","breadcrumb":{"@id":"https:\/\/originalskills.com\/de\/datenschutzrichtlinie-registrierung\/#breadcrumb"},"inLanguage":"de","potentialAction":[{"@type":"ReadAction","target":["https:\/\/originalskills.com\/de\/datenschutzrichtlinie-registrierung\/"]}]},{"@type":"BreadcrumbList","@id":"https:\/\/originalskills.com\/de\/datenschutzrichtlinie-registrierung\/#breadcrumb","itemListElement":[{"@type":"ListItem","position":1,"name":"Home","item":"https:\/\/originalskills.com\/de\/home\/"},{"@type":"ListItem","position":2,"name":"Datenschutzrichtlinie Registrierung"}]},{"@type":"WebSite","@id":"https:\/\/originalskills.com\/it\/#website","url":"https:\/\/originalskills.com\/it\/","name":"OriginalSkills","description":"Recruitment, Selezione, HR, Formazione","potentialAction":[{"@type":"SearchAction","target":{"@type":"EntryPoint","urlTemplate":"https:\/\/originalskills.com\/it\/?s={search_term_string}"},"query-input":{"@type":"PropertyValueSpecification","valueRequired":true,"valueName":"search_term_string"}}],"inLanguage":"de"}]}},"_links":{"self":[{"href":"https:\/\/originalskills.com\/de\/wp-json\/wp\/v2\/pages\/4406","targetHints":{"allow":["GET"]}}],"collection":[{"href":"https:\/\/originalskills.com\/de\/wp-json\/wp\/v2\/pages"}],"about":[{"href":"https:\/\/originalskills.com\/de\/wp-json\/wp\/v2\/types\/page"}],"author":[{"embeddable":true,"href":"https:\/\/originalskills.com\/de\/wp-json\/wp\/v2\/users\/1"}],"replies":[{"embeddable":true,"href":"https:\/\/originalskills.com\/de\/wp-json\/wp\/v2\/comments?post=4406"}],"version-history":[{"count":6,"href":"https:\/\/originalskills.com\/de\/wp-json\/wp\/v2\/pages\/4406\/revisions"}],"predecessor-version":[{"id":21885,"href":"https:\/\/originalskills.com\/de\/wp-json\/wp\/v2\/pages\/4406\/revisions\/21885"}],"wp:attachment":[{"href":"https:\/\/originalskills.com\/de\/wp-json\/wp\/v2\/media?parent=4406"}],"curies":[{"name":"wp","href":"https:\/\/api.w.org\/{rel}","templated":true}]}}