{"id":4386,"date":"2020-04-14T11:54:09","date_gmt":"2020-04-14T09:54:09","guid":{"rendered":"https:\/\/originalskills.com\/?page_id=4386"},"modified":"2024-03-21T09:17:18","modified_gmt":"2024-03-21T08:17:18","slug":"privacy-policy","status":"publish","type":"page","link":"https:\/\/originalskills.com\/de\/privacy-policy\/","title":{"rendered":"Privacy Policy"},"content":{"rendered":"\n<style type=\"text\/css\" data-created_by=\"avia_inline_auto\" id=\"style-css-av-42sx4r-ccddd3474c0a1632c30690bc872ab441\">\n.flex_column.av-42sx4r-ccddd3474c0a1632c30690bc872ab441{\nborder-radius:0px 0px 0px 0px;\npadding:0px 0px 0px 0px;\n}\n<\/style>\n<div  class='flex_column av-42sx4r-ccddd3474c0a1632c30690bc872ab441 av_one_full  avia-builder-el-0  avia-builder-el-no-sibling  first flex_column_div av-zero-column-padding  '     ><section  class='av_textblock_section av-awavf-405b201ca36a31055e43b9433e0bece9 '   itemscope=\"itemscope\" itemtype=\"https:\/\/schema.org\/CreativeWork\" ><div class='avia_textblock'  itemprop=\"text\" ><h3>Privacy Policy<\/h3>\n<p>OriginalSkills srl kann \u00fcber ihre Websites:<\/p>\n<ul>\n<li>Kontaktinformationen sammeln (z.B. E-Mail-Adresse), die f\u00fcr die Durchf\u00fchrung der kommerziellen Aktivit\u00e4ten erforderlich sind (Verkaufs- oder Kundensupport-Team oder als Antwort auf eine der Originalskills-Untersuchungen). Dies durch Formulare und Module, die an Websites und Apps angef\u00fcgt sind.<\/li>\n<li>Informationen \u00fcber die Nutzung der Dienste der Websites und der Originalskills-Dienste sammeln, einschlie\u00dflich der besuchten Webseiten, der angeklickten Links, des Zeitpunkts, zu dem diese Aktionen ausgef\u00fchrt werden, der festgelegten Sprachen usw.<\/li>\n<\/ul>\n<h3>Aufzeichnung von Navigationsdaten<\/h3>\n<p>OriginalSkills srl sammelt \u00fcber die Google Analytics-Dienste, die Cookies und Seiten-Tags verwenden, Informationen \u00fcber das Ger\u00e4t und den Browser, die von Benutzern verwendet werden, die die ihnen zur Verf\u00fcgung gestellten Dienste zu statistischen Zwecken und zur Ermittlung von Bereichen zur Verbesserung der Funktionalit\u00e4t verwenden.<\/p>\n<p>Es werden Daten gespeichert in Bezug auf:<\/p>\n<ul>\n<li>App<\/li>\n<li>Browser<\/li>\n<li>Ger\u00e4t<\/li>\n<li>Navigationsfluss<\/li>\n<\/ul>\n<p>Weitere Informationen zu den von Google \u00fcber die Analytics-Dienste gesammelten Daten finden Sie unter der folgenden Adresse <a href=\"https:\/\/marketingplatform.google.com\/about\/analytics\/terms\/us\/\">marketingplatform.google.com\/about\/analytics\/terms\/us\/<\/a>.<\/p>\n<h3>E-mail marketing<\/h3>\n<p>Die E-Mails, die von Originalskills oder von den \u00fcber unsere Dienste beteiligten Betreibern gesendet werden, enthalten Systeme zum Sammeln von Informationen zum \u00d6ffnen von Nachrichten und darin enthaltenen Hypertext-Links. Diese Informationen, wie z.B. die Anzahl der Benutzer, die die Nachrichten ge\u00f6ffnet haben, werden zu statistischen Zwecken und zur Bewertung des Interesses der Empf\u00e4nger am Betreff der gesendeten Nachricht verwendet.<\/p>\n<p>F\u00fcr das Senden dieser Art von Kommunikation st\u00fctzt sich OriginalSkills srl auf externe Systeme wie Mailchimp. Weitere Informationen zu den von diesem Betreiber angewendeten Datenschutzrichtlinien finden Sie unter der folgenden Adresse <a href=\"https:\/\/mailchimp.com\/legal\/privacy\/\" target=\"_blank\" rel=\"noopener noreferrer\">mailchimp.com\/legal\/privacy\/<\/a>.<\/p>\n<h3>Cookie<\/h3>\n<p>Informationen zur Verwendung von Cookies finden Sie im folgenden Abschnitt auf der Website <a href=\"https:\/\/originalskills.com\/de\/cookie-policy-de\/\" target=\"_blank\" rel=\"noopener noreferrer\">originalskills.com\/de\/cookie-policy\/<\/a><\/p>\n<\/div><\/section><\/div>\n","protected":false},"excerpt":{"rendered":"","protected":false},"author":1,"featured_media":0,"parent":0,"menu_order":12,"comment_status":"closed","ping_status":"closed","template":"","meta":{"footnotes":""},"class_list":["post-4386","page","type-page","status-publish","hentry"],"yoast_head":"<!-- This site is optimized with the Yoast SEO plugin v27.3 - https:\/\/yoast.com\/product\/yoast-seo-wordpress\/ -->\n<title>Privacy Policy - OriginalSkills<\/title>\n<meta name=\"robots\" content=\"index, follow, max-snippet:-1, max-image-preview:large, max-video-preview:-1\" \/>\n<link rel=\"canonical\" href=\"https:\/\/originalskills.com\/de\/privacy-policy\/\" \/>\n<meta property=\"og:locale\" content=\"de_DE\" \/>\n<meta property=\"og:type\" content=\"article\" \/>\n<meta property=\"og:title\" content=\"Privacy Policy - OriginalSkills\" \/>\n<meta property=\"og:url\" content=\"https:\/\/originalskills.com\/de\/privacy-policy\/\" \/>\n<meta property=\"og:site_name\" content=\"OriginalSkills\" \/>\n<meta property=\"article:modified_time\" content=\"2024-03-21T08:17:18+00:00\" \/>\n<meta name=\"twitter:card\" content=\"summary_large_image\" \/>\n<meta name=\"twitter:label1\" content=\"Gesch\u00e4tzte Lesezeit\" \/>\n\t<meta name=\"twitter:data1\" content=\"2\u00a0Minuten\" \/>\n<script type=\"application\/ld+json\" class=\"yoast-schema-graph\">{\"@context\":\"https:\\\/\\\/schema.org\",\"@graph\":[{\"@type\":\"WebPage\",\"@id\":\"https:\\\/\\\/originalskills.com\\\/de\\\/privacy-policy\\\/\",\"url\":\"https:\\\/\\\/originalskills.com\\\/de\\\/privacy-policy\\\/\",\"name\":\"Privacy Policy - OriginalSkills\",\"isPartOf\":{\"@id\":\"https:\\\/\\\/originalskills.com\\\/it\\\/#website\"},\"datePublished\":\"2020-04-14T09:54:09+00:00\",\"dateModified\":\"2024-03-21T08:17:18+00:00\",\"breadcrumb\":{\"@id\":\"https:\\\/\\\/originalskills.com\\\/de\\\/privacy-policy\\\/#breadcrumb\"},\"inLanguage\":\"de\",\"potentialAction\":[{\"@type\":\"ReadAction\",\"target\":[\"https:\\\/\\\/originalskills.com\\\/de\\\/privacy-policy\\\/\"]}]},{\"@type\":\"BreadcrumbList\",\"@id\":\"https:\\\/\\\/originalskills.com\\\/de\\\/privacy-policy\\\/#breadcrumb\",\"itemListElement\":[{\"@type\":\"ListItem\",\"position\":1,\"name\":\"Home\",\"item\":\"https:\\\/\\\/originalskills.com\\\/de\\\/home\\\/\"},{\"@type\":\"ListItem\",\"position\":2,\"name\":\"Privacy Policy\"}]},{\"@type\":\"WebSite\",\"@id\":\"https:\\\/\\\/originalskills.com\\\/it\\\/#website\",\"url\":\"https:\\\/\\\/originalskills.com\\\/it\\\/\",\"name\":\"OriginalSkills\",\"description\":\"Recruitment, Selezione, HR, Formazione\",\"potentialAction\":[{\"@type\":\"SearchAction\",\"target\":{\"@type\":\"EntryPoint\",\"urlTemplate\":\"https:\\\/\\\/originalskills.com\\\/it\\\/?s={search_term_string}\"},\"query-input\":{\"@type\":\"PropertyValueSpecification\",\"valueRequired\":true,\"valueName\":\"search_term_string\"}}],\"inLanguage\":\"de\"}]}<\/script>\n<!-- \/ Yoast SEO plugin. -->","yoast_head_json":{"title":"Privacy Policy - OriginalSkills","robots":{"index":"index","follow":"follow","max-snippet":"max-snippet:-1","max-image-preview":"max-image-preview:large","max-video-preview":"max-video-preview:-1"},"canonical":"https:\/\/originalskills.com\/de\/privacy-policy\/","og_locale":"de_DE","og_type":"article","og_title":"Privacy Policy - OriginalSkills","og_url":"https:\/\/originalskills.com\/de\/privacy-policy\/","og_site_name":"OriginalSkills","article_modified_time":"2024-03-21T08:17:18+00:00","twitter_card":"summary_large_image","twitter_misc":{"Gesch\u00e4tzte Lesezeit":"2\u00a0Minuten"},"schema":{"@context":"https:\/\/schema.org","@graph":[{"@type":"WebPage","@id":"https:\/\/originalskills.com\/de\/privacy-policy\/","url":"https:\/\/originalskills.com\/de\/privacy-policy\/","name":"Privacy Policy - OriginalSkills","isPartOf":{"@id":"https:\/\/originalskills.com\/it\/#website"},"datePublished":"2020-04-14T09:54:09+00:00","dateModified":"2024-03-21T08:17:18+00:00","breadcrumb":{"@id":"https:\/\/originalskills.com\/de\/privacy-policy\/#breadcrumb"},"inLanguage":"de","potentialAction":[{"@type":"ReadAction","target":["https:\/\/originalskills.com\/de\/privacy-policy\/"]}]},{"@type":"BreadcrumbList","@id":"https:\/\/originalskills.com\/de\/privacy-policy\/#breadcrumb","itemListElement":[{"@type":"ListItem","position":1,"name":"Home","item":"https:\/\/originalskills.com\/de\/home\/"},{"@type":"ListItem","position":2,"name":"Privacy Policy"}]},{"@type":"WebSite","@id":"https:\/\/originalskills.com\/it\/#website","url":"https:\/\/originalskills.com\/it\/","name":"OriginalSkills","description":"Recruitment, Selezione, HR, Formazione","potentialAction":[{"@type":"SearchAction","target":{"@type":"EntryPoint","urlTemplate":"https:\/\/originalskills.com\/it\/?s={search_term_string}"},"query-input":{"@type":"PropertyValueSpecification","valueRequired":true,"valueName":"search_term_string"}}],"inLanguage":"de"}]}},"_links":{"self":[{"href":"https:\/\/originalskills.com\/de\/wp-json\/wp\/v2\/pages\/4386","targetHints":{"allow":["GET"]}}],"collection":[{"href":"https:\/\/originalskills.com\/de\/wp-json\/wp\/v2\/pages"}],"about":[{"href":"https:\/\/originalskills.com\/de\/wp-json\/wp\/v2\/types\/page"}],"author":[{"embeddable":true,"href":"https:\/\/originalskills.com\/de\/wp-json\/wp\/v2\/users\/1"}],"replies":[{"embeddable":true,"href":"https:\/\/originalskills.com\/de\/wp-json\/wp\/v2\/comments?post=4386"}],"version-history":[{"count":10,"href":"https:\/\/originalskills.com\/de\/wp-json\/wp\/v2\/pages\/4386\/revisions"}],"predecessor-version":[{"id":20194,"href":"https:\/\/originalskills.com\/de\/wp-json\/wp\/v2\/pages\/4386\/revisions\/20194"}],"wp:attachment":[{"href":"https:\/\/originalskills.com\/de\/wp-json\/wp\/v2\/media?parent=4386"}],"curies":[{"name":"wp","href":"https:\/\/api.w.org\/{rel}","templated":true}]}}